{"id":10,"date":"2019-06-07T13:14:58","date_gmt":"2019-06-07T11:14:58","guid":{"rendered":"http:\/\/www.bussymage.com\/?page_id=10"},"modified":"2025-03-13T13:14:35","modified_gmt":"2025-03-13T12:14:35","slug":"contact","status":"publish","type":"page","link":"https:\/\/www.bussymage.com\/index.php\/contact\/","title":{"rendered":"Contact"},"content":{"rendered":"<p>N\u00e9 en 1986 \u00e0 Bayeux en Normandie (France) je suis un professionnel passionn\u00e9 d&rsquo;audiovisuel et de nautisme.<\/p>\n<p>Faire de mes passions une profession, voil\u00e0 ce qui me motive!<\/p>\n<p>Je vous invite \u00e0 prendre contact au 06 89 99 90 30 ou par mail bussy_benjamin@hotmail.com pour en savoir plus.<\/p>\n","protected":false},"excerpt":{"rendered":"<p>N\u00e9 en 1986 \u00e0 Bayeux en Normandie (France) je suis un professionnel passionn\u00e9 d&rsquo;audiovisuel et de nautisme. Faire de mes passions une profession, voil\u00e0 ce qui me motive! Je vous invite \u00e0 prendre contact au 06 89 99 90 30 ou par mail bussy_benjamin@hotmail.com pour en savoir plus.<\/p>\n","protected":false},"author":1,"featured_media":0,"parent":0,"menu_order":0,"comment_status":"closed","ping_status":"closed","template":"","meta":{"footnotes":""},"class_list":["post-10","page","type-page","status-publish","hentry"],"yoast_head":"<!-- This site is optimized with the Yoast SEO Premium plugin v22.3 (Yoast SEO v24.6) - https:\/\/yoast.com\/wordpress\/plugins\/seo\/ -->\n<title>Contact - BUSSYMAGE<\/title>\n<meta name=\"description\" content=\"BUSSYMAGE, situ\u00e9 \u00e0 Grandcamp-Maisy en Normandie, est sp\u00e9cialis\u00e9 dans la communication audiovisuelle, offrant des services de captation et de diffusion en milieu a\u00e9rien, terrestre et aquatique. Pour en savoir plus ou pour collaborer avec nous, veuillez nous contacter\u00a0:Adresse\u00a0: 16, Rue du commandant Philippe KIEFFER, 14450 Grandcamp-Maisy, France. T\u00e9l\u00e9phone\u00a0: 06 89 99 90 30Email\u00a0: bussy_benjamin@hotmail.com Retrouvez \u00e9galement nos r\u00e9alisations et actualit\u00e9s sur nos r\u00e9seaux sociaux\u00a0: YouTube Instagram Facebook\" \/>\n<meta name=\"robots\" content=\"index, follow, max-snippet:-1, max-image-preview:large, max-video-preview:-1\" \/>\n<link rel=\"canonical\" href=\"https:\/\/www.bussymage.com\/index.php\/contact\/\" \/>\n<meta property=\"og:locale\" content=\"fr_FR\" \/>\n<meta property=\"og:type\" content=\"article\" \/>\n<meta property=\"og:title\" content=\"Contact\" \/>\n<meta property=\"og:description\" content=\"BUSSYMAGE, situ\u00e9 \u00e0 Grandcamp-Maisy en Normandie, est sp\u00e9cialis\u00e9 dans la communication audiovisuelle, offrant des services de captation et de diffusion en milieu a\u00e9rien, terrestre et aquatique. Pour en savoir plus ou pour collaborer avec nous, veuillez nous contacter\u00a0:Adresse\u00a0: 16, Rue du commandant Philippe KIEFFER, 14450 Grandcamp-Maisy, France. T\u00e9l\u00e9phone\u00a0: 06 89 99 90 30Email\u00a0: bussy_benjamin@hotmail.com Retrouvez \u00e9galement nos r\u00e9alisations et actualit\u00e9s sur nos r\u00e9seaux sociaux\u00a0: YouTube Instagram Facebook\" \/>\n<meta property=\"og:url\" content=\"https:\/\/www.bussymage.com\/index.php\/contact\/\" \/>\n<meta property=\"og:site_name\" content=\"BUSSYMAGE\" \/>\n<meta property=\"article:modified_time\" content=\"2025-03-13T12:14:35+00:00\" \/>\n<meta name=\"twitter:card\" content=\"summary_large_image\" \/>\n<meta name=\"twitter:label1\" content=\"Dur\u00e9e de lecture estim\u00e9e\" \/>\n\t<meta name=\"twitter:data1\" content=\"1 minute\" \/>\n<script type=\"application\/ld+json\" class=\"yoast-schema-graph\">{\"@context\":\"https:\/\/schema.org\",\"@graph\":[{\"@type\":\"WebPage\",\"@id\":\"https:\/\/www.bussymage.com\/index.php\/contact\/\",\"url\":\"https:\/\/www.bussymage.com\/index.php\/contact\/\",\"name\":\"Contact - BUSSYMAGE\",\"isPartOf\":{\"@id\":\"https:\/\/www.bussymage.com\/#website\"},\"datePublished\":\"2019-06-07T11:14:58+00:00\",\"dateModified\":\"2025-03-13T12:14:35+00:00\",\"description\":\"BUSSYMAGE, situ\u00e9 \u00e0 Grandcamp-Maisy en Normandie, est sp\u00e9cialis\u00e9 dans la communication audiovisuelle, offrant des services de captation et de diffusion en milieu a\u00e9rien, terrestre et aquatique. Pour en savoir plus ou pour collaborer avec nous, veuillez nous contacter\u00a0:Adresse\u00a0: 16, Rue du commandant Philippe KIEFFER, 14450 Grandcamp-Maisy, France. T\u00e9l\u00e9phone\u00a0: 06 89 99 90 30Email\u00a0: bussy_benjamin@hotmail.com Retrouvez \u00e9galement nos r\u00e9alisations et actualit\u00e9s sur nos r\u00e9seaux sociaux\u00a0: YouTube Instagram Facebook\",\"breadcrumb\":{\"@id\":\"https:\/\/www.bussymage.com\/index.php\/contact\/#breadcrumb\"},\"inLanguage\":\"fr-FR\",\"potentialAction\":[{\"@type\":\"ReadAction\",\"target\":[\"https:\/\/www.bussymage.com\/index.php\/contact\/\"]}]},{\"@type\":\"BreadcrumbList\",\"@id\":\"https:\/\/www.bussymage.com\/index.php\/contact\/#breadcrumb\",\"itemListElement\":[{\"@type\":\"ListItem\",\"position\":1,\"name\":\"Accueil\",\"item\":\"https:\/\/www.bussymage.com\/\"},{\"@type\":\"ListItem\",\"position\":2,\"name\":\"Contact\"}]},{\"@type\":\"WebSite\",\"@id\":\"https:\/\/www.bussymage.com\/#website\",\"url\":\"https:\/\/www.bussymage.com\/\",\"name\":\"BUSSYMAGE\",\"description\":\"Normandie Communication audiovisuelle AIR\/SOL\/EAU\",\"publisher\":{\"@id\":\"https:\/\/www.bussymage.com\/#organization\"},\"potentialAction\":[{\"@type\":\"SearchAction\",\"target\":{\"@type\":\"EntryPoint\",\"urlTemplate\":\"https:\/\/www.bussymage.com\/?s={search_term_string}\"},\"query-input\":{\"@type\":\"PropertyValueSpecification\",\"valueRequired\":true,\"valueName\":\"search_term_string\"}}],\"inLanguage\":\"fr-FR\"},{\"@type\":\"Organization\",\"@id\":\"https:\/\/www.bussymage.com\/#organization\",\"name\":\"BUSSYMAGE\",\"url\":\"https:\/\/www.bussymage.com\/\",\"logo\":{\"@type\":\"ImageObject\",\"inLanguage\":\"fr-FR\",\"@id\":\"https:\/\/www.bussymage.com\/#\/schema\/logo\/image\/\",\"url\":\"https:\/\/www.bussymage.com\/wp-content\/uploads\/2021\/12\/cropped-neumorphisme-logo-BUSSYMAGE-scaled-1.jpg\",\"contentUrl\":\"https:\/\/www.bussymage.com\/wp-content\/uploads\/2021\/12\/cropped-neumorphisme-logo-BUSSYMAGE-scaled-1.jpg\",\"width\":250,\"height\":250,\"caption\":\"BUSSYMAGE\"},\"image\":{\"@id\":\"https:\/\/www.bussymage.com\/#\/schema\/logo\/image\/\"}}]}<\/script>\n<!-- \/ Yoast SEO Premium plugin. -->","yoast_head_json":{"title":"Contact - BUSSYMAGE","description":"BUSSYMAGE, situ\u00e9 \u00e0 Grandcamp-Maisy en Normandie, est sp\u00e9cialis\u00e9 dans la communication audiovisuelle, offrant des services de captation et de diffusion en milieu a\u00e9rien, terrestre et aquatique. Pour en savoir plus ou pour collaborer avec nous, veuillez nous contacter\u00a0:Adresse\u00a0: 16, Rue du commandant Philippe KIEFFER, 14450 Grandcamp-Maisy, France. T\u00e9l\u00e9phone\u00a0: 06 89 99 90 30Email\u00a0: bussy_benjamin@hotmail.com Retrouvez \u00e9galement nos r\u00e9alisations et actualit\u00e9s sur nos r\u00e9seaux sociaux\u00a0: YouTube Instagram Facebook","robots":{"index":"index","follow":"follow","max-snippet":"max-snippet:-1","max-image-preview":"max-image-preview:large","max-video-preview":"max-video-preview:-1"},"canonical":"https:\/\/www.bussymage.com\/index.php\/contact\/","og_locale":"fr_FR","og_type":"article","og_title":"Contact","og_description":"BUSSYMAGE, situ\u00e9 \u00e0 Grandcamp-Maisy en Normandie, est sp\u00e9cialis\u00e9 dans la communication audiovisuelle, offrant des services de captation et de diffusion en milieu a\u00e9rien, terrestre et aquatique. Pour en savoir plus ou pour collaborer avec nous, veuillez nous contacter\u00a0:Adresse\u00a0: 16, Rue du commandant Philippe KIEFFER, 14450 Grandcamp-Maisy, France. T\u00e9l\u00e9phone\u00a0: 06 89 99 90 30Email\u00a0: bussy_benjamin@hotmail.com Retrouvez \u00e9galement nos r\u00e9alisations et actualit\u00e9s sur nos r\u00e9seaux sociaux\u00a0: YouTube Instagram Facebook","og_url":"https:\/\/www.bussymage.com\/index.php\/contact\/","og_site_name":"BUSSYMAGE","article_modified_time":"2025-03-13T12:14:35+00:00","twitter_card":"summary_large_image","twitter_misc":{"Dur\u00e9e de lecture estim\u00e9e":"1 minute"},"schema":{"@context":"https:\/\/schema.org","@graph":[{"@type":"WebPage","@id":"https:\/\/www.bussymage.com\/index.php\/contact\/","url":"https:\/\/www.bussymage.com\/index.php\/contact\/","name":"Contact - BUSSYMAGE","isPartOf":{"@id":"https:\/\/www.bussymage.com\/#website"},"datePublished":"2019-06-07T11:14:58+00:00","dateModified":"2025-03-13T12:14:35+00:00","description":"BUSSYMAGE, situ\u00e9 \u00e0 Grandcamp-Maisy en Normandie, est sp\u00e9cialis\u00e9 dans la communication audiovisuelle, offrant des services de captation et de diffusion en milieu a\u00e9rien, terrestre et aquatique. Pour en savoir plus ou pour collaborer avec nous, veuillez nous contacter\u00a0:Adresse\u00a0: 16, Rue du commandant Philippe KIEFFER, 14450 Grandcamp-Maisy, France. T\u00e9l\u00e9phone\u00a0: 06 89 99 90 30Email\u00a0: bussy_benjamin@hotmail.com Retrouvez \u00e9galement nos r\u00e9alisations et actualit\u00e9s sur nos r\u00e9seaux sociaux\u00a0: YouTube Instagram Facebook","breadcrumb":{"@id":"https:\/\/www.bussymage.com\/index.php\/contact\/#breadcrumb"},"inLanguage":"fr-FR","potentialAction":[{"@type":"ReadAction","target":["https:\/\/www.bussymage.com\/index.php\/contact\/"]}]},{"@type":"BreadcrumbList","@id":"https:\/\/www.bussymage.com\/index.php\/contact\/#breadcrumb","itemListElement":[{"@type":"ListItem","position":1,"name":"Accueil","item":"https:\/\/www.bussymage.com\/"},{"@type":"ListItem","position":2,"name":"Contact"}]},{"@type":"WebSite","@id":"https:\/\/www.bussymage.com\/#website","url":"https:\/\/www.bussymage.com\/","name":"BUSSYMAGE","description":"Normandie Communication audiovisuelle AIR\/SOL\/EAU","publisher":{"@id":"https:\/\/www.bussymage.com\/#organization"},"potentialAction":[{"@type":"SearchAction","target":{"@type":"EntryPoint","urlTemplate":"https:\/\/www.bussymage.com\/?s={search_term_string}"},"query-input":{"@type":"PropertyValueSpecification","valueRequired":true,"valueName":"search_term_string"}}],"inLanguage":"fr-FR"},{"@type":"Organization","@id":"https:\/\/www.bussymage.com\/#organization","name":"BUSSYMAGE","url":"https:\/\/www.bussymage.com\/","logo":{"@type":"ImageObject","inLanguage":"fr-FR","@id":"https:\/\/www.bussymage.com\/#\/schema\/logo\/image\/","url":"https:\/\/www.bussymage.com\/wp-content\/uploads\/2021\/12\/cropped-neumorphisme-logo-BUSSYMAGE-scaled-1.jpg","contentUrl":"https:\/\/www.bussymage.com\/wp-content\/uploads\/2021\/12\/cropped-neumorphisme-logo-BUSSYMAGE-scaled-1.jpg","width":250,"height":250,"caption":"BUSSYMAGE"},"image":{"@id":"https:\/\/www.bussymage.com\/#\/schema\/logo\/image\/"}}]}},"_links":{"self":[{"href":"https:\/\/www.bussymage.com\/index.php\/wp-json\/wp\/v2\/pages\/10","targetHints":{"allow":["GET"]}}],"collection":[{"href":"https:\/\/www.bussymage.com\/index.php\/wp-json\/wp\/v2\/pages"}],"about":[{"href":"https:\/\/www.bussymage.com\/index.php\/wp-json\/wp\/v2\/types\/page"}],"author":[{"embeddable":true,"href":"https:\/\/www.bussymage.com\/index.php\/wp-json\/wp\/v2\/users\/1"}],"replies":[{"embeddable":true,"href":"https:\/\/www.bussymage.com\/index.php\/wp-json\/wp\/v2\/comments?post=10"}],"version-history":[{"count":6,"href":"https:\/\/www.bussymage.com\/index.php\/wp-json\/wp\/v2\/pages\/10\/revisions"}],"predecessor-version":[{"id":315,"href":"https:\/\/www.bussymage.com\/index.php\/wp-json\/wp\/v2\/pages\/10\/revisions\/315"}],"wp:attachment":[{"href":"https:\/\/www.bussymage.com\/index.php\/wp-json\/wp\/v2\/media?parent=10"}],"curies":[{"name":"wp","href":"https:\/\/api.w.org\/{rel}","templated":true}]}}