{"id":187,"date":"2019-06-09T20:03:46","date_gmt":"2019-06-09T18:03:46","guid":{"rendered":"http:\/\/www.bussymage.com\/?page_id=187"},"modified":"2025-03-13T12:49:30","modified_gmt":"2025-03-13T11:49:30","slug":"aerien-drone","status":"publish","type":"page","link":"https:\/\/www.bussymage.com\/index.php\/aerien-drone\/","title":{"rendered":"A\u00e9rien"},"content":{"rendered":"\n<figure class=\"wp-block-gallery has-nested-images columns-2 is-cropped wp-block-gallery-1 is-layout-flex wp-block-gallery-is-layout-flex\">\n<figure class=\"wp-block-image size-large\"><img fetchpriority=\"high\" decoding=\"async\" width=\"1024\" height=\"540\" data-id=\"136\" src=\"https:\/\/www.bussymage.com\/wp-content\/uploads\/2019\/06\/golf2-1024x540.jpg\" alt=\"\" class=\"wp-image-136\" srcset=\"https:\/\/www.bussymage.com\/wp-content\/uploads\/2019\/06\/golf2-1024x540.jpg 1024w, https:\/\/www.bussymage.com\/wp-content\/uploads\/2019\/06\/golf2-300x158.jpg 300w, https:\/\/www.bussymage.com\/wp-content\/uploads\/2019\/06\/golf2-768x405.jpg 768w\" sizes=\"(max-width: 767px) 89vw, (max-width: 1000px) 54vw, (max-width: 1071px) 543px, 580px\" \/><\/figure>\n\n\n\n<figure class=\"wp-block-image size-large\"><img decoding=\"async\" width=\"1024\" height=\"995\" data-id=\"135\" src=\"https:\/\/www.bussymage.com\/wp-content\/uploads\/2019\/06\/golf1-1024x995.jpg\" alt=\"\" class=\"wp-image-135\" srcset=\"https:\/\/www.bussymage.com\/wp-content\/uploads\/2019\/06\/golf1-1024x995.jpg 1024w, https:\/\/www.bussymage.com\/wp-content\/uploads\/2019\/06\/golf1-300x291.jpg 300w, https:\/\/www.bussymage.com\/wp-content\/uploads\/2019\/06\/golf1-768x746.jpg 768w\" sizes=\"(max-width: 767px) 89vw, (max-width: 1000px) 54vw, (max-width: 1071px) 543px, 580px\" \/><\/figure>\n\n\n\n<figure class=\"wp-block-image size-large\"><img decoding=\"async\" width=\"1024\" height=\"575\" data-id=\"75\" src=\"https:\/\/www.bussymage.com\/wp-content\/uploads\/2019\/06\/total-bois-voisin-1024x575.jpg\" alt=\"\" class=\"wp-image-75\" srcset=\"https:\/\/www.bussymage.com\/wp-content\/uploads\/2019\/06\/total-bois-voisin-1024x575.jpg 1024w, https:\/\/www.bussymage.com\/wp-content\/uploads\/2019\/06\/total-bois-voisin-300x168.jpg 300w, https:\/\/www.bussymage.com\/wp-content\/uploads\/2019\/06\/total-bois-voisin-768x431.jpg 768w\" sizes=\"(max-width: 767px) 89vw, (max-width: 1000px) 54vw, (max-width: 1071px) 543px, 580px\" \/><\/figure>\n<\/figure>\n\n\n\n<figure class=\"wp-block-gallery has-nested-images columns-2 is-cropped wp-block-gallery-2 is-layout-flex wp-block-gallery-is-layout-flex\">\n<figure class=\"wp-block-image size-large\"><img loading=\"lazy\" decoding=\"async\" width=\"1024\" height=\"694\" data-id=\"431\" src=\"https:\/\/www.bussymage.com\/wp-content\/uploads\/2020\/07\/01-1-1024x694.jpg\" alt=\"\" class=\"wp-image-431\" srcset=\"https:\/\/www.bussymage.com\/wp-content\/uploads\/2020\/07\/01-1-1024x694.jpg 1024w, https:\/\/www.bussymage.com\/wp-content\/uploads\/2020\/07\/01-1-300x203.jpg 300w, https:\/\/www.bussymage.com\/wp-content\/uploads\/2020\/07\/01-1-768x521.jpg 768w, https:\/\/www.bussymage.com\/wp-content\/uploads\/2020\/07\/01-1-1536x1042.jpg 1536w, https:\/\/www.bussymage.com\/wp-content\/uploads\/2020\/07\/01-1-2048x1389.jpg 2048w\" sizes=\"(max-width: 767px) 89vw, (max-width: 1000px) 54vw, (max-width: 1071px) 543px, 580px\" \/><\/figure>\n\n\n\n<figure class=\"wp-block-image size-large\"><img loading=\"lazy\" decoding=\"async\" width=\"1024\" height=\"576\" data-id=\"434\" src=\"https:\/\/www.bussymage.com\/wp-content\/uploads\/2020\/07\/07-1024x576.jpg\" alt=\"\" class=\"wp-image-434\" srcset=\"https:\/\/www.bussymage.com\/wp-content\/uploads\/2020\/07\/07-1024x576.jpg 1024w, https:\/\/www.bussymage.com\/wp-content\/uploads\/2020\/07\/07-300x169.jpg 300w, https:\/\/www.bussymage.com\/wp-content\/uploads\/2020\/07\/07-768x432.jpg 768w, https:\/\/www.bussymage.com\/wp-content\/uploads\/2020\/07\/07-1536x864.jpg 1536w, https:\/\/www.bussymage.com\/wp-content\/uploads\/2020\/07\/07-2048x1152.jpg 2048w\" sizes=\"(max-width: 767px) 89vw, (max-width: 1000px) 54vw, (max-width: 1071px) 543px, 580px\" \/><\/figure>\n<\/figure>\n\n\n\n<figure class=\"wp-block-image size-large is-resized\"><a href=\"https:\/\/www.youtube.com\/watch?v=jIbjC2z_sJ8&amp;t=14s\" target=\"_blank\" rel=\"noopener noreferrer\"><img loading=\"lazy\" decoding=\"async\" width=\"1024\" height=\"576\" src=\"https:\/\/www.bussymage.com\/wp-content\/uploads\/2020\/07\/02-1024x576.jpg\" alt=\"\" class=\"wp-image-432\" style=\"width:674px;height:379px\" srcset=\"https:\/\/www.bussymage.com\/wp-content\/uploads\/2020\/07\/02-1024x576.jpg 1024w, https:\/\/www.bussymage.com\/wp-content\/uploads\/2020\/07\/02-300x169.jpg 300w, https:\/\/www.bussymage.com\/wp-content\/uploads\/2020\/07\/02-768x432.jpg 768w, https:\/\/www.bussymage.com\/wp-content\/uploads\/2020\/07\/02-1536x864.jpg 1536w, https:\/\/www.bussymage.com\/wp-content\/uploads\/2020\/07\/02-2048x1152.jpg 2048w\" sizes=\"(max-width: 767px) 89vw, (max-width: 1000px) 54vw, (max-width: 1071px) 543px, 580px\" \/><\/a><\/figure>\n\n\n\n<div class=\"wp-block-group\"><div class=\"wp-block-group__inner-container is-layout-flow wp-block-group-is-layout-flow\">\n<figure class=\"wp-block-gallery has-nested-images columns-2 is-cropped wp-block-gallery-3 is-layout-flex wp-block-gallery-is-layout-flex\">\n<figure class=\"wp-block-image size-large\"><img loading=\"lazy\" decoding=\"async\" width=\"1024\" height=\"576\" src=\"https:\/\/www.bussymage.com\/wp-content\/uploads\/2020\/01\/avocet38-1024x576.jpg\" alt=\"\" class=\"wp-image-303\" srcset=\"https:\/\/www.bussymage.com\/wp-content\/uploads\/2020\/01\/avocet38-1024x576.jpg 1024w, https:\/\/www.bussymage.com\/wp-content\/uploads\/2020\/01\/avocet38-300x169.jpg 300w, https:\/\/www.bussymage.com\/wp-content\/uploads\/2020\/01\/avocet38-768x432.jpg 768w, https:\/\/www.bussymage.com\/wp-content\/uploads\/2020\/01\/avocet38-1536x864.jpg 1536w, https:\/\/www.bussymage.com\/wp-content\/uploads\/2020\/01\/avocet38-2048x1152.jpg 2048w\" sizes=\"(max-width: 767px) 89vw, (max-width: 1000px) 54vw, (max-width: 1071px) 543px, 580px\" \/><\/figure>\n\n\n\n<figure class=\"wp-block-image size-large\"><img loading=\"lazy\" decoding=\"async\" width=\"1024\" height=\"576\" src=\"https:\/\/www.bussymage.com\/wp-content\/uploads\/2020\/01\/avocet57-1024x576.jpg\" alt=\"\" class=\"wp-image-305\" srcset=\"https:\/\/www.bussymage.com\/wp-content\/uploads\/2020\/01\/avocet57-1024x576.jpg 1024w, https:\/\/www.bussymage.com\/wp-content\/uploads\/2020\/01\/avocet57-300x169.jpg 300w, https:\/\/www.bussymage.com\/wp-content\/uploads\/2020\/01\/avocet57-768x432.jpg 768w, https:\/\/www.bussymage.com\/wp-content\/uploads\/2020\/01\/avocet57-1536x864.jpg 1536w, https:\/\/www.bussymage.com\/wp-content\/uploads\/2020\/01\/avocet57-2048x1152.jpg 2048w\" sizes=\"(max-width: 767px) 89vw, (max-width: 1000px) 54vw, (max-width: 1071px) 543px, 580px\" \/><\/figure>\n<\/figure>\n<\/div><\/div>\n\n\n\n<figure class=\"wp-block-image size-large is-resized\"><a href=\"https:\/\/www.youtube.com\/watch?v=5pb94y1kTys&amp;t=10s\" target=\"_blank\" rel=\"noopener noreferrer\"><img loading=\"lazy\" decoding=\"async\" width=\"1024\" height=\"576\" src=\"https:\/\/www.bussymage.com\/wp-content\/uploads\/2020\/01\/Avocet049-1024x576.jpg\" alt=\"\" class=\"wp-image-310\" style=\"width:676px;height:380px\" srcset=\"https:\/\/www.bussymage.com\/wp-content\/uploads\/2020\/01\/Avocet049-1024x576.jpg 1024w, https:\/\/www.bussymage.com\/wp-content\/uploads\/2020\/01\/Avocet049-300x169.jpg 300w, https:\/\/www.bussymage.com\/wp-content\/uploads\/2020\/01\/Avocet049-768x432.jpg 768w, https:\/\/www.bussymage.com\/wp-content\/uploads\/2020\/01\/Avocet049-1536x864.jpg 1536w, https:\/\/www.bussymage.com\/wp-content\/uploads\/2020\/01\/Avocet049-2048x1152.jpg 2048w\" sizes=\"(max-width: 767px) 89vw, (max-width: 1000px) 54vw, (max-width: 1071px) 543px, 580px\" \/><\/a><\/figure>\n\n\n\n<figure class=\"wp-block-gallery aligncenter has-nested-images columns-0 is-cropped wp-block-gallery-4 is-layout-flex wp-block-gallery-is-layout-flex\">\n<figure class=\"wp-block-image size-large\"><img loading=\"lazy\" decoding=\"async\" width=\"1024\" height=\"603\" data-id=\"478\" src=\"https:\/\/www.bussymage.com\/wp-content\/uploads\/2021\/04\/2-1024x603.jpg\" alt=\"\" class=\"wp-image-478\" srcset=\"https:\/\/www.bussymage.com\/wp-content\/uploads\/2021\/04\/2-1024x603.jpg 1024w, https:\/\/www.bussymage.com\/wp-content\/uploads\/2021\/04\/2-300x177.jpg 300w, https:\/\/www.bussymage.com\/wp-content\/uploads\/2021\/04\/2-768x452.jpg 768w, https:\/\/www.bussymage.com\/wp-content\/uploads\/2021\/04\/2-1536x904.jpg 1536w, https:\/\/www.bussymage.com\/wp-content\/uploads\/2021\/04\/2-2048x1205.jpg 2048w\" sizes=\"(max-width: 767px) 89vw, (max-width: 1000px) 54vw, (max-width: 1071px) 543px, 580px\" \/><\/figure>\n<\/figure>\n","protected":false},"excerpt":{"rendered":"","protected":false},"author":1,"featured_media":0,"parent":0,"menu_order":0,"comment_status":"closed","ping_status":"closed","template":"","meta":{"footnotes":""},"class_list":["post-187","page","type-page","status-publish","hentry"],"yoast_head":"<!-- This site is optimized with the Yoast SEO Premium plugin v22.3 (Yoast SEO v24.6) - https:\/\/yoast.com\/wordpress\/plugins\/seo\/ -->\n<title>A\u00e9rien - BUSSYMAGE<\/title>\n<meta name=\"description\" content=\"D\u00e9couvrez l&#039;expertise de Bussymage en prises de vue a\u00e9rienne de haute qualit\u00e9 en Normandie. Gr\u00e2ce \u00e0 des \u00e9quipements de derni\u00e8re g\u00e9n\u00e9ration, nous capturons des images spectaculaires \u00e0 couper le souffle, offrant des perspectives uniques pour vos projets. Que ce soit pour des films promotionnels, des inspections de sites, des \u00e9v\u00e9nements, ou encore des suivis de chantiers, nos prises de vue a\u00e9riennes sont r\u00e9alis\u00e9es avec pr\u00e9cision et professionnalisme. Nos drones offrent une flexibilit\u00e9 maximale, vous permettant d&#039;obtenir des plans en hauteur parfois dans des endroits inaccessibles, des vues panoramiques et des images dynamiques qui valorisent vos projets. Faites confiance \u00e0 Bussymage pour des prises de vue a\u00e9rienne exceptionnelles, adapt\u00e9es \u00e0 vos besoins sp\u00e9cifiques, avec une qualit\u00e9 d&#039;image irr\u00e9prochable et un service sur mesure dans les airs.\" \/>\n<meta name=\"robots\" content=\"index, follow, max-snippet:-1, max-image-preview:large, max-video-preview:-1\" \/>\n<link rel=\"canonical\" href=\"https:\/\/www.bussymage.com\/index.php\/aerien-drone\/\" \/>\n<meta property=\"og:locale\" content=\"fr_FR\" \/>\n<meta property=\"og:type\" content=\"article\" \/>\n<meta property=\"og:title\" content=\"A\u00e9rien\" \/>\n<meta property=\"og:description\" content=\"D\u00e9couvrez l&#039;expertise de Bussymage en prises de vue a\u00e9rienne de haute qualit\u00e9 en Normandie. Gr\u00e2ce \u00e0 des \u00e9quipements de derni\u00e8re g\u00e9n\u00e9ration, nous capturons des images spectaculaires \u00e0 couper le souffle, offrant des perspectives uniques pour vos projets. Que ce soit pour des films promotionnels, des inspections de sites, des \u00e9v\u00e9nements, ou encore des suivis de chantiers, nos prises de vue a\u00e9riennes sont r\u00e9alis\u00e9es avec pr\u00e9cision et professionnalisme. Nos drones offrent une flexibilit\u00e9 maximale, vous permettant d&#039;obtenir des plans en hauteur parfois dans des endroits inaccessibles, des vues panoramiques et des images dynamiques qui valorisent vos projets. Faites confiance \u00e0 Bussymage pour des prises de vue a\u00e9rienne exceptionnelles, adapt\u00e9es \u00e0 vos besoins sp\u00e9cifiques, avec une qualit\u00e9 d&#039;image irr\u00e9prochable et un service sur mesure dans les airs.\" \/>\n<meta property=\"og:url\" content=\"https:\/\/www.bussymage.com\/index.php\/aerien-drone\/\" \/>\n<meta property=\"og:site_name\" content=\"BUSSYMAGE\" \/>\n<meta property=\"article:modified_time\" content=\"2025-03-13T11:49:30+00:00\" \/>\n<meta property=\"og:image\" content=\"https:\/\/www.bussymage.com\/wp-content\/uploads\/2019\/06\/golf2-1024x540.jpg\" \/>\n<meta name=\"twitter:card\" content=\"summary_large_image\" \/>\n<meta name=\"twitter:label1\" content=\"Dur\u00e9e de lecture estim\u00e9e\" \/>\n\t<meta name=\"twitter:data1\" content=\"2 minutes\" \/>\n<script type=\"application\/ld+json\" class=\"yoast-schema-graph\">{\"@context\":\"https:\/\/schema.org\",\"@graph\":[{\"@type\":\"WebPage\",\"@id\":\"https:\/\/www.bussymage.com\/index.php\/aerien-drone\/\",\"url\":\"https:\/\/www.bussymage.com\/index.php\/aerien-drone\/\",\"name\":\"A\u00e9rien - BUSSYMAGE\",\"isPartOf\":{\"@id\":\"https:\/\/www.bussymage.com\/#website\"},\"primaryImageOfPage\":{\"@id\":\"https:\/\/www.bussymage.com\/index.php\/aerien-drone\/#primaryimage\"},\"image\":{\"@id\":\"https:\/\/www.bussymage.com\/index.php\/aerien-drone\/#primaryimage\"},\"thumbnailUrl\":\"https:\/\/www.bussymage.com\/wp-content\/uploads\/2019\/06\/golf2-1024x540.jpg\",\"datePublished\":\"2019-06-09T18:03:46+00:00\",\"dateModified\":\"2025-03-13T11:49:30+00:00\",\"description\":\"D\u00e9couvrez l'expertise de Bussymage en prises de vue a\u00e9rienne de haute qualit\u00e9 en Normandie. Gr\u00e2ce \u00e0 des \u00e9quipements de derni\u00e8re g\u00e9n\u00e9ration, nous capturons des images spectaculaires \u00e0 couper le souffle, offrant des perspectives uniques pour vos projets. Que ce soit pour des films promotionnels, des inspections de sites, des \u00e9v\u00e9nements, ou encore des suivis de chantiers, nos prises de vue a\u00e9riennes sont r\u00e9alis\u00e9es avec pr\u00e9cision et professionnalisme. Nos drones offrent une flexibilit\u00e9 maximale, vous permettant d'obtenir des plans en hauteur parfois dans des endroits inaccessibles, des vues panoramiques et des images dynamiques qui valorisent vos projets. Faites confiance \u00e0 Bussymage pour des prises de vue a\u00e9rienne exceptionnelles, adapt\u00e9es \u00e0 vos besoins sp\u00e9cifiques, avec une qualit\u00e9 d'image irr\u00e9prochable et un service sur mesure dans les airs.\",\"breadcrumb\":{\"@id\":\"https:\/\/www.bussymage.com\/index.php\/aerien-drone\/#breadcrumb\"},\"inLanguage\":\"fr-FR\",\"potentialAction\":[{\"@type\":\"ReadAction\",\"target\":[\"https:\/\/www.bussymage.com\/index.php\/aerien-drone\/\"]}]},{\"@type\":\"ImageObject\",\"inLanguage\":\"fr-FR\",\"@id\":\"https:\/\/www.bussymage.com\/index.php\/aerien-drone\/#primaryimage\",\"url\":\"https:\/\/www.bussymage.com\/wp-content\/uploads\/2019\/06\/golf2.jpg\",\"contentUrl\":\"https:\/\/www.bussymage.com\/wp-content\/uploads\/2019\/06\/golf2.jpg\",\"width\":4096,\"height\":2160},{\"@type\":\"BreadcrumbList\",\"@id\":\"https:\/\/www.bussymage.com\/index.php\/aerien-drone\/#breadcrumb\",\"itemListElement\":[{\"@type\":\"ListItem\",\"position\":1,\"name\":\"Accueil\",\"item\":\"https:\/\/www.bussymage.com\/\"},{\"@type\":\"ListItem\",\"position\":2,\"name\":\"A\u00e9rien\"}]},{\"@type\":\"WebSite\",\"@id\":\"https:\/\/www.bussymage.com\/#website\",\"url\":\"https:\/\/www.bussymage.com\/\",\"name\":\"BUSSYMAGE\",\"description\":\"Normandie Communication audiovisuelle AIR\/SOL\/EAU\",\"publisher\":{\"@id\":\"https:\/\/www.bussymage.com\/#organization\"},\"potentialAction\":[{\"@type\":\"SearchAction\",\"target\":{\"@type\":\"EntryPoint\",\"urlTemplate\":\"https:\/\/www.bussymage.com\/?s={search_term_string}\"},\"query-input\":{\"@type\":\"PropertyValueSpecification\",\"valueRequired\":true,\"valueName\":\"search_term_string\"}}],\"inLanguage\":\"fr-FR\"},{\"@type\":\"Organization\",\"@id\":\"https:\/\/www.bussymage.com\/#organization\",\"name\":\"BUSSYMAGE\",\"url\":\"https:\/\/www.bussymage.com\/\",\"logo\":{\"@type\":\"ImageObject\",\"inLanguage\":\"fr-FR\",\"@id\":\"https:\/\/www.bussymage.com\/#\/schema\/logo\/image\/\",\"url\":\"https:\/\/www.bussymage.com\/wp-content\/uploads\/2021\/12\/cropped-neumorphisme-logo-BUSSYMAGE-scaled-1.jpg\",\"contentUrl\":\"https:\/\/www.bussymage.com\/wp-content\/uploads\/2021\/12\/cropped-neumorphisme-logo-BUSSYMAGE-scaled-1.jpg\",\"width\":250,\"height\":250,\"caption\":\"BUSSYMAGE\"},\"image\":{\"@id\":\"https:\/\/www.bussymage.com\/#\/schema\/logo\/image\/\"}}]}<\/script>\n<!-- \/ Yoast SEO Premium plugin. -->","yoast_head_json":{"title":"A\u00e9rien - BUSSYMAGE","description":"D\u00e9couvrez l'expertise de Bussymage en prises de vue a\u00e9rienne de haute qualit\u00e9 en Normandie. Gr\u00e2ce \u00e0 des \u00e9quipements de derni\u00e8re g\u00e9n\u00e9ration, nous capturons des images spectaculaires \u00e0 couper le souffle, offrant des perspectives uniques pour vos projets. Que ce soit pour des films promotionnels, des inspections de sites, des \u00e9v\u00e9nements, ou encore des suivis de chantiers, nos prises de vue a\u00e9riennes sont r\u00e9alis\u00e9es avec pr\u00e9cision et professionnalisme. Nos drones offrent une flexibilit\u00e9 maximale, vous permettant d'obtenir des plans en hauteur parfois dans des endroits inaccessibles, des vues panoramiques et des images dynamiques qui valorisent vos projets. Faites confiance \u00e0 Bussymage pour des prises de vue a\u00e9rienne exceptionnelles, adapt\u00e9es \u00e0 vos besoins sp\u00e9cifiques, avec une qualit\u00e9 d'image irr\u00e9prochable et un service sur mesure dans les airs.","robots":{"index":"index","follow":"follow","max-snippet":"max-snippet:-1","max-image-preview":"max-image-preview:large","max-video-preview":"max-video-preview:-1"},"canonical":"https:\/\/www.bussymage.com\/index.php\/aerien-drone\/","og_locale":"fr_FR","og_type":"article","og_title":"A\u00e9rien","og_description":"D\u00e9couvrez l'expertise de Bussymage en prises de vue a\u00e9rienne de haute qualit\u00e9 en Normandie. Gr\u00e2ce \u00e0 des \u00e9quipements de derni\u00e8re g\u00e9n\u00e9ration, nous capturons des images spectaculaires \u00e0 couper le souffle, offrant des perspectives uniques pour vos projets. Que ce soit pour des films promotionnels, des inspections de sites, des \u00e9v\u00e9nements, ou encore des suivis de chantiers, nos prises de vue a\u00e9riennes sont r\u00e9alis\u00e9es avec pr\u00e9cision et professionnalisme. Nos drones offrent une flexibilit\u00e9 maximale, vous permettant d'obtenir des plans en hauteur parfois dans des endroits inaccessibles, des vues panoramiques et des images dynamiques qui valorisent vos projets. Faites confiance \u00e0 Bussymage pour des prises de vue a\u00e9rienne exceptionnelles, adapt\u00e9es \u00e0 vos besoins sp\u00e9cifiques, avec une qualit\u00e9 d'image irr\u00e9prochable et un service sur mesure dans les airs.","og_url":"https:\/\/www.bussymage.com\/index.php\/aerien-drone\/","og_site_name":"BUSSYMAGE","article_modified_time":"2025-03-13T11:49:30+00:00","og_image":[{"url":"https:\/\/www.bussymage.com\/wp-content\/uploads\/2019\/06\/golf2-1024x540.jpg","type":"","width":"","height":""}],"twitter_card":"summary_large_image","twitter_misc":{"Dur\u00e9e de lecture estim\u00e9e":"2 minutes"},"schema":{"@context":"https:\/\/schema.org","@graph":[{"@type":"WebPage","@id":"https:\/\/www.bussymage.com\/index.php\/aerien-drone\/","url":"https:\/\/www.bussymage.com\/index.php\/aerien-drone\/","name":"A\u00e9rien - BUSSYMAGE","isPartOf":{"@id":"https:\/\/www.bussymage.com\/#website"},"primaryImageOfPage":{"@id":"https:\/\/www.bussymage.com\/index.php\/aerien-drone\/#primaryimage"},"image":{"@id":"https:\/\/www.bussymage.com\/index.php\/aerien-drone\/#primaryimage"},"thumbnailUrl":"https:\/\/www.bussymage.com\/wp-content\/uploads\/2019\/06\/golf2-1024x540.jpg","datePublished":"2019-06-09T18:03:46+00:00","dateModified":"2025-03-13T11:49:30+00:00","description":"D\u00e9couvrez l'expertise de Bussymage en prises de vue a\u00e9rienne de haute qualit\u00e9 en Normandie. Gr\u00e2ce \u00e0 des \u00e9quipements de derni\u00e8re g\u00e9n\u00e9ration, nous capturons des images spectaculaires \u00e0 couper le souffle, offrant des perspectives uniques pour vos projets. Que ce soit pour des films promotionnels, des inspections de sites, des \u00e9v\u00e9nements, ou encore des suivis de chantiers, nos prises de vue a\u00e9riennes sont r\u00e9alis\u00e9es avec pr\u00e9cision et professionnalisme. Nos drones offrent une flexibilit\u00e9 maximale, vous permettant d'obtenir des plans en hauteur parfois dans des endroits inaccessibles, des vues panoramiques et des images dynamiques qui valorisent vos projets. Faites confiance \u00e0 Bussymage pour des prises de vue a\u00e9rienne exceptionnelles, adapt\u00e9es \u00e0 vos besoins sp\u00e9cifiques, avec une qualit\u00e9 d'image irr\u00e9prochable et un service sur mesure dans les airs.","breadcrumb":{"@id":"https:\/\/www.bussymage.com\/index.php\/aerien-drone\/#breadcrumb"},"inLanguage":"fr-FR","potentialAction":[{"@type":"ReadAction","target":["https:\/\/www.bussymage.com\/index.php\/aerien-drone\/"]}]},{"@type":"ImageObject","inLanguage":"fr-FR","@id":"https:\/\/www.bussymage.com\/index.php\/aerien-drone\/#primaryimage","url":"https:\/\/www.bussymage.com\/wp-content\/uploads\/2019\/06\/golf2.jpg","contentUrl":"https:\/\/www.bussymage.com\/wp-content\/uploads\/2019\/06\/golf2.jpg","width":4096,"height":2160},{"@type":"BreadcrumbList","@id":"https:\/\/www.bussymage.com\/index.php\/aerien-drone\/#breadcrumb","itemListElement":[{"@type":"ListItem","position":1,"name":"Accueil","item":"https:\/\/www.bussymage.com\/"},{"@type":"ListItem","position":2,"name":"A\u00e9rien"}]},{"@type":"WebSite","@id":"https:\/\/www.bussymage.com\/#website","url":"https:\/\/www.bussymage.com\/","name":"BUSSYMAGE","description":"Normandie Communication audiovisuelle AIR\/SOL\/EAU","publisher":{"@id":"https:\/\/www.bussymage.com\/#organization"},"potentialAction":[{"@type":"SearchAction","target":{"@type":"EntryPoint","urlTemplate":"https:\/\/www.bussymage.com\/?s={search_term_string}"},"query-input":{"@type":"PropertyValueSpecification","valueRequired":true,"valueName":"search_term_string"}}],"inLanguage":"fr-FR"},{"@type":"Organization","@id":"https:\/\/www.bussymage.com\/#organization","name":"BUSSYMAGE","url":"https:\/\/www.bussymage.com\/","logo":{"@type":"ImageObject","inLanguage":"fr-FR","@id":"https:\/\/www.bussymage.com\/#\/schema\/logo\/image\/","url":"https:\/\/www.bussymage.com\/wp-content\/uploads\/2021\/12\/cropped-neumorphisme-logo-BUSSYMAGE-scaled-1.jpg","contentUrl":"https:\/\/www.bussymage.com\/wp-content\/uploads\/2021\/12\/cropped-neumorphisme-logo-BUSSYMAGE-scaled-1.jpg","width":250,"height":250,"caption":"BUSSYMAGE"},"image":{"@id":"https:\/\/www.bussymage.com\/#\/schema\/logo\/image\/"}}]}},"_links":{"self":[{"href":"https:\/\/www.bussymage.com\/index.php\/wp-json\/wp\/v2\/pages\/187","targetHints":{"allow":["GET"]}}],"collection":[{"href":"https:\/\/www.bussymage.com\/index.php\/wp-json\/wp\/v2\/pages"}],"about":[{"href":"https:\/\/www.bussymage.com\/index.php\/wp-json\/wp\/v2\/types\/page"}],"author":[{"embeddable":true,"href":"https:\/\/www.bussymage.com\/index.php\/wp-json\/wp\/v2\/users\/1"}],"replies":[{"embeddable":true,"href":"https:\/\/www.bussymage.com\/index.php\/wp-json\/wp\/v2\/comments?post=187"}],"version-history":[{"count":26,"href":"https:\/\/www.bussymage.com\/index.php\/wp-json\/wp\/v2\/pages\/187\/revisions"}],"predecessor-version":[{"id":720,"href":"https:\/\/www.bussymage.com\/index.php\/wp-json\/wp\/v2\/pages\/187\/revisions\/720"}],"wp:attachment":[{"href":"https:\/\/www.bussymage.com\/index.php\/wp-json\/wp\/v2\/media?parent=187"}],"curies":[{"name":"wp","href":"https:\/\/api.w.org\/{rel}","templated":true}]}}