{"id":188,"date":"2019-06-09T20:03:46","date_gmt":"2019-06-09T18:03:46","guid":{"rendered":"http:\/\/www.bussymage.com\/?page_id=188"},"modified":"2025-03-13T13:05:10","modified_gmt":"2025-03-13T12:05:10","slug":"terrestre-au-sol","status":"publish","type":"page","link":"https:\/\/www.bussymage.com\/index.php\/terrestre-au-sol\/","title":{"rendered":"Terrestre"},"content":{"rendered":"\n<figure class=\"wp-block-image\"><a href=\"https:\/\/www.youtube.com\/watch?v=KBeO4xpYOLc\" target=\"_blank\" rel=\"noopener noreferrer\"><img fetchpriority=\"high\" decoding=\"async\" width=\"1024\" height=\"572\" src=\"https:\/\/www.bussymage.com\/wp-content\/uploads\/2019\/06\/golf5-1024x572.jpg\" alt=\"\" class=\"wp-image-139\" srcset=\"https:\/\/www.bussymage.com\/wp-content\/uploads\/2019\/06\/golf5-1024x572.jpg 1024w, https:\/\/www.bussymage.com\/wp-content\/uploads\/2019\/06\/golf5-300x168.jpg 300w, https:\/\/www.bussymage.com\/wp-content\/uploads\/2019\/06\/golf5-768x429.jpg 768w\" sizes=\"(max-width: 767px) 89vw, (max-width: 1000px) 54vw, (max-width: 1071px) 543px, 580px\" \/><\/a><\/figure>\n\n\n\n<figure class=\"wp-block-gallery has-nested-images columns-2 is-cropped wp-block-gallery-1 is-layout-flex wp-block-gallery-is-layout-flex\">\n<figure class=\"wp-block-image size-large\"><img decoding=\"async\" width=\"1024\" height=\"576\" data-id=\"174\" src=\"https:\/\/www.bussymage.com\/wp-content\/uploads\/2019\/06\/kris11-1024x576.jpg\" alt=\"\" class=\"wp-image-174\" srcset=\"https:\/\/www.bussymage.com\/wp-content\/uploads\/2019\/06\/kris11-1024x576.jpg 1024w, https:\/\/www.bussymage.com\/wp-content\/uploads\/2019\/06\/kris11-300x169.jpg 300w, https:\/\/www.bussymage.com\/wp-content\/uploads\/2019\/06\/kris11-768x432.jpg 768w, https:\/\/www.bussymage.com\/wp-content\/uploads\/2019\/06\/kris11.jpg 1920w\" sizes=\"(max-width: 767px) 89vw, (max-width: 1000px) 54vw, (max-width: 1071px) 543px, 580px\" \/><\/figure>\n\n\n\n<figure class=\"wp-block-image size-large\"><img decoding=\"async\" width=\"1024\" height=\"576\" data-id=\"173\" src=\"https:\/\/www.bussymage.com\/wp-content\/uploads\/2019\/06\/kris10-1024x576.jpg\" alt=\"\" class=\"wp-image-173\" srcset=\"https:\/\/www.bussymage.com\/wp-content\/uploads\/2019\/06\/kris10-1024x576.jpg 1024w, https:\/\/www.bussymage.com\/wp-content\/uploads\/2019\/06\/kris10-300x169.jpg 300w, https:\/\/www.bussymage.com\/wp-content\/uploads\/2019\/06\/kris10-768x432.jpg 768w, https:\/\/www.bussymage.com\/wp-content\/uploads\/2019\/06\/kris10.jpg 1920w\" sizes=\"(max-width: 767px) 89vw, (max-width: 1000px) 54vw, (max-width: 1071px) 543px, 580px\" \/><\/figure>\n<\/figure>\n\n\n\n<figure class=\"wp-block-image size-large\"><img loading=\"lazy\" decoding=\"async\" width=\"1024\" height=\"576\" src=\"https:\/\/www.bussymage.com\/wp-content\/uploads\/2019\/06\/kris14-1024x576.jpg\" alt=\"\" class=\"wp-image-177\" srcset=\"https:\/\/www.bussymage.com\/wp-content\/uploads\/2019\/06\/kris14-1024x576.jpg 1024w, https:\/\/www.bussymage.com\/wp-content\/uploads\/2019\/06\/kris14-300x169.jpg 300w, https:\/\/www.bussymage.com\/wp-content\/uploads\/2019\/06\/kris14-768x432.jpg 768w, https:\/\/www.bussymage.com\/wp-content\/uploads\/2019\/06\/kris14.jpg 1920w\" sizes=\"(max-width: 767px) 89vw, (max-width: 1000px) 54vw, (max-width: 1071px) 543px, 580px\" \/><\/figure>\n\n\n\n<figure class=\"wp-block-image size-large\"><img loading=\"lazy\" decoding=\"async\" width=\"1024\" height=\"576\" src=\"https:\/\/www.bussymage.com\/wp-content\/uploads\/2020\/07\/11-1024x576.jpg\" alt=\"\" class=\"wp-image-438\" srcset=\"https:\/\/www.bussymage.com\/wp-content\/uploads\/2020\/07\/11-1024x576.jpg 1024w, https:\/\/www.bussymage.com\/wp-content\/uploads\/2020\/07\/11-300x169.jpg 300w, https:\/\/www.bussymage.com\/wp-content\/uploads\/2020\/07\/11-768x432.jpg 768w, https:\/\/www.bussymage.com\/wp-content\/uploads\/2020\/07\/11-1536x864.jpg 1536w, https:\/\/www.bussymage.com\/wp-content\/uploads\/2020\/07\/11-2048x1152.jpg 2048w\" sizes=\"(max-width: 767px) 89vw, (max-width: 1000px) 54vw, (max-width: 1071px) 543px, 580px\" \/><\/figure>\n","protected":false},"excerpt":{"rendered":"","protected":false},"author":1,"featured_media":0,"parent":0,"menu_order":0,"comment_status":"closed","ping_status":"closed","template":"","meta":{"footnotes":""},"class_list":["post-188","page","type-page","status-publish","hentry"],"yoast_head":"<!-- This site is optimized with the Yoast SEO Premium plugin v22.3 (Yoast SEO v24.6) - https:\/\/yoast.com\/wordpress\/plugins\/seo\/ -->\n<title>Terrestre - BUSSYMAGE<\/title>\n<meta name=\"description\" content=\"BUSSYMAGE, situ\u00e9 \u00e0 Grandcamp-Maisy en Normandie, offre des services de communication audiovisuelle complets, incluant la vid\u00e9o, la photographie, le montage, ainsi que des prises de vue a\u00e9riennes, aquatiques et terrestres. Notre expertise en prises de vue terrestres garantit des images de haute qualit\u00e9 pour divers projets. Sur le sol, nous utilisons des outils de stabilisation professionnel haut de gamme et des tr\u00e9pieds. Pour en savoir plus sur nos services terrestres, contactez-nous au 06 89 99 90 30 ou par email \u00e0 bussy_benjamin@hotmail.com.\" \/>\n<meta name=\"robots\" content=\"index, follow, max-snippet:-1, max-image-preview:large, max-video-preview:-1\" \/>\n<link rel=\"canonical\" href=\"https:\/\/www.bussymage.com\/index.php\/terrestre-au-sol\/\" \/>\n<meta property=\"og:locale\" content=\"fr_FR\" \/>\n<meta property=\"og:type\" content=\"article\" \/>\n<meta property=\"og:title\" content=\"Terrestre\" \/>\n<meta property=\"og:description\" content=\"BUSSYMAGE, situ\u00e9 \u00e0 Grandcamp-Maisy en Normandie, offre des services de communication audiovisuelle complets, incluant la vid\u00e9o, la photographie, le montage, ainsi que des prises de vue a\u00e9riennes, aquatiques et terrestres. Notre expertise en prises de vue terrestres garantit des images de haute qualit\u00e9 pour divers projets. Sur le sol, nous utilisons des outils de stabilisation professionnel haut de gamme et des tr\u00e9pieds. Pour en savoir plus sur nos services terrestres, contactez-nous au 06 89 99 90 30 ou par email \u00e0 bussy_benjamin@hotmail.com.\" \/>\n<meta property=\"og:url\" content=\"https:\/\/www.bussymage.com\/index.php\/terrestre-au-sol\/\" \/>\n<meta property=\"og:site_name\" content=\"BUSSYMAGE\" \/>\n<meta property=\"article:modified_time\" content=\"2025-03-13T12:05:10+00:00\" \/>\n<meta property=\"og:image\" content=\"http:\/\/www.bussymage.com\/wp-content\/uploads\/2019\/06\/golf5-1024x572.jpg\" \/>\n<meta name=\"twitter:card\" content=\"summary_large_image\" \/>\n<meta name=\"twitter:label1\" content=\"Dur\u00e9e de lecture estim\u00e9e\" \/>\n\t<meta name=\"twitter:data1\" content=\"1 minute\" \/>\n<script type=\"application\/ld+json\" class=\"yoast-schema-graph\">{\"@context\":\"https:\/\/schema.org\",\"@graph\":[{\"@type\":\"WebPage\",\"@id\":\"https:\/\/www.bussymage.com\/index.php\/terrestre-au-sol\/\",\"url\":\"https:\/\/www.bussymage.com\/index.php\/terrestre-au-sol\/\",\"name\":\"Terrestre - BUSSYMAGE\",\"isPartOf\":{\"@id\":\"https:\/\/www.bussymage.com\/#website\"},\"primaryImageOfPage\":{\"@id\":\"https:\/\/www.bussymage.com\/index.php\/terrestre-au-sol\/#primaryimage\"},\"image\":{\"@id\":\"https:\/\/www.bussymage.com\/index.php\/terrestre-au-sol\/#primaryimage\"},\"thumbnailUrl\":\"http:\/\/www.bussymage.com\/wp-content\/uploads\/2019\/06\/golf5-1024x572.jpg\",\"datePublished\":\"2019-06-09T18:03:46+00:00\",\"dateModified\":\"2025-03-13T12:05:10+00:00\",\"description\":\"BUSSYMAGE, situ\u00e9 \u00e0 Grandcamp-Maisy en Normandie, offre des services de communication audiovisuelle complets, incluant la vid\u00e9o, la photographie, le montage, ainsi que des prises de vue a\u00e9riennes, aquatiques et terrestres. Notre expertise en prises de vue terrestres garantit des images de haute qualit\u00e9 pour divers projets. Sur le sol, nous utilisons des outils de stabilisation professionnel haut de gamme et des tr\u00e9pieds. Pour en savoir plus sur nos services terrestres, contactez-nous au 06 89 99 90 30 ou par email \u00e0 bussy_benjamin@hotmail.com.\",\"breadcrumb\":{\"@id\":\"https:\/\/www.bussymage.com\/index.php\/terrestre-au-sol\/#breadcrumb\"},\"inLanguage\":\"fr-FR\",\"potentialAction\":[{\"@type\":\"ReadAction\",\"target\":[\"https:\/\/www.bussymage.com\/index.php\/terrestre-au-sol\/\"]}]},{\"@type\":\"ImageObject\",\"inLanguage\":\"fr-FR\",\"@id\":\"https:\/\/www.bussymage.com\/index.php\/terrestre-au-sol\/#primaryimage\",\"url\":\"http:\/\/www.bussymage.com\/wp-content\/uploads\/2019\/06\/golf5-1024x572.jpg\",\"contentUrl\":\"http:\/\/www.bussymage.com\/wp-content\/uploads\/2019\/06\/golf5-1024x572.jpg\"},{\"@type\":\"BreadcrumbList\",\"@id\":\"https:\/\/www.bussymage.com\/index.php\/terrestre-au-sol\/#breadcrumb\",\"itemListElement\":[{\"@type\":\"ListItem\",\"position\":1,\"name\":\"Accueil\",\"item\":\"https:\/\/www.bussymage.com\/\"},{\"@type\":\"ListItem\",\"position\":2,\"name\":\"Terrestre\"}]},{\"@type\":\"WebSite\",\"@id\":\"https:\/\/www.bussymage.com\/#website\",\"url\":\"https:\/\/www.bussymage.com\/\",\"name\":\"BUSSYMAGE\",\"description\":\"Normandie Communication audiovisuelle AIR\/SOL\/EAU\",\"publisher\":{\"@id\":\"https:\/\/www.bussymage.com\/#organization\"},\"potentialAction\":[{\"@type\":\"SearchAction\",\"target\":{\"@type\":\"EntryPoint\",\"urlTemplate\":\"https:\/\/www.bussymage.com\/?s={search_term_string}\"},\"query-input\":{\"@type\":\"PropertyValueSpecification\",\"valueRequired\":true,\"valueName\":\"search_term_string\"}}],\"inLanguage\":\"fr-FR\"},{\"@type\":\"Organization\",\"@id\":\"https:\/\/www.bussymage.com\/#organization\",\"name\":\"BUSSYMAGE\",\"url\":\"https:\/\/www.bussymage.com\/\",\"logo\":{\"@type\":\"ImageObject\",\"inLanguage\":\"fr-FR\",\"@id\":\"https:\/\/www.bussymage.com\/#\/schema\/logo\/image\/\",\"url\":\"https:\/\/www.bussymage.com\/wp-content\/uploads\/2021\/12\/cropped-neumorphisme-logo-BUSSYMAGE-scaled-1.jpg\",\"contentUrl\":\"https:\/\/www.bussymage.com\/wp-content\/uploads\/2021\/12\/cropped-neumorphisme-logo-BUSSYMAGE-scaled-1.jpg\",\"width\":250,\"height\":250,\"caption\":\"BUSSYMAGE\"},\"image\":{\"@id\":\"https:\/\/www.bussymage.com\/#\/schema\/logo\/image\/\"}}]}<\/script>\n<!-- \/ Yoast SEO Premium plugin. -->","yoast_head_json":{"title":"Terrestre - BUSSYMAGE","description":"BUSSYMAGE, situ\u00e9 \u00e0 Grandcamp-Maisy en Normandie, offre des services de communication audiovisuelle complets, incluant la vid\u00e9o, la photographie, le montage, ainsi que des prises de vue a\u00e9riennes, aquatiques et terrestres. Notre expertise en prises de vue terrestres garantit des images de haute qualit\u00e9 pour divers projets. Sur le sol, nous utilisons des outils de stabilisation professionnel haut de gamme et des tr\u00e9pieds. Pour en savoir plus sur nos services terrestres, contactez-nous au 06 89 99 90 30 ou par email \u00e0 bussy_benjamin@hotmail.com.","robots":{"index":"index","follow":"follow","max-snippet":"max-snippet:-1","max-image-preview":"max-image-preview:large","max-video-preview":"max-video-preview:-1"},"canonical":"https:\/\/www.bussymage.com\/index.php\/terrestre-au-sol\/","og_locale":"fr_FR","og_type":"article","og_title":"Terrestre","og_description":"BUSSYMAGE, situ\u00e9 \u00e0 Grandcamp-Maisy en Normandie, offre des services de communication audiovisuelle complets, incluant la vid\u00e9o, la photographie, le montage, ainsi que des prises de vue a\u00e9riennes, aquatiques et terrestres. Notre expertise en prises de vue terrestres garantit des images de haute qualit\u00e9 pour divers projets. Sur le sol, nous utilisons des outils de stabilisation professionnel haut de gamme et des tr\u00e9pieds. Pour en savoir plus sur nos services terrestres, contactez-nous au 06 89 99 90 30 ou par email \u00e0 bussy_benjamin@hotmail.com.","og_url":"https:\/\/www.bussymage.com\/index.php\/terrestre-au-sol\/","og_site_name":"BUSSYMAGE","article_modified_time":"2025-03-13T12:05:10+00:00","og_image":[{"url":"http:\/\/www.bussymage.com\/wp-content\/uploads\/2019\/06\/golf5-1024x572.jpg","type":"","width":"","height":""}],"twitter_card":"summary_large_image","twitter_misc":{"Dur\u00e9e de lecture estim\u00e9e":"1 minute"},"schema":{"@context":"https:\/\/schema.org","@graph":[{"@type":"WebPage","@id":"https:\/\/www.bussymage.com\/index.php\/terrestre-au-sol\/","url":"https:\/\/www.bussymage.com\/index.php\/terrestre-au-sol\/","name":"Terrestre - BUSSYMAGE","isPartOf":{"@id":"https:\/\/www.bussymage.com\/#website"},"primaryImageOfPage":{"@id":"https:\/\/www.bussymage.com\/index.php\/terrestre-au-sol\/#primaryimage"},"image":{"@id":"https:\/\/www.bussymage.com\/index.php\/terrestre-au-sol\/#primaryimage"},"thumbnailUrl":"http:\/\/www.bussymage.com\/wp-content\/uploads\/2019\/06\/golf5-1024x572.jpg","datePublished":"2019-06-09T18:03:46+00:00","dateModified":"2025-03-13T12:05:10+00:00","description":"BUSSYMAGE, situ\u00e9 \u00e0 Grandcamp-Maisy en Normandie, offre des services de communication audiovisuelle complets, incluant la vid\u00e9o, la photographie, le montage, ainsi que des prises de vue a\u00e9riennes, aquatiques et terrestres. Notre expertise en prises de vue terrestres garantit des images de haute qualit\u00e9 pour divers projets. Sur le sol, nous utilisons des outils de stabilisation professionnel haut de gamme et des tr\u00e9pieds. Pour en savoir plus sur nos services terrestres, contactez-nous au 06 89 99 90 30 ou par email \u00e0 bussy_benjamin@hotmail.com.","breadcrumb":{"@id":"https:\/\/www.bussymage.com\/index.php\/terrestre-au-sol\/#breadcrumb"},"inLanguage":"fr-FR","potentialAction":[{"@type":"ReadAction","target":["https:\/\/www.bussymage.com\/index.php\/terrestre-au-sol\/"]}]},{"@type":"ImageObject","inLanguage":"fr-FR","@id":"https:\/\/www.bussymage.com\/index.php\/terrestre-au-sol\/#primaryimage","url":"http:\/\/www.bussymage.com\/wp-content\/uploads\/2019\/06\/golf5-1024x572.jpg","contentUrl":"http:\/\/www.bussymage.com\/wp-content\/uploads\/2019\/06\/golf5-1024x572.jpg"},{"@type":"BreadcrumbList","@id":"https:\/\/www.bussymage.com\/index.php\/terrestre-au-sol\/#breadcrumb","itemListElement":[{"@type":"ListItem","position":1,"name":"Accueil","item":"https:\/\/www.bussymage.com\/"},{"@type":"ListItem","position":2,"name":"Terrestre"}]},{"@type":"WebSite","@id":"https:\/\/www.bussymage.com\/#website","url":"https:\/\/www.bussymage.com\/","name":"BUSSYMAGE","description":"Normandie Communication audiovisuelle AIR\/SOL\/EAU","publisher":{"@id":"https:\/\/www.bussymage.com\/#organization"},"potentialAction":[{"@type":"SearchAction","target":{"@type":"EntryPoint","urlTemplate":"https:\/\/www.bussymage.com\/?s={search_term_string}"},"query-input":{"@type":"PropertyValueSpecification","valueRequired":true,"valueName":"search_term_string"}}],"inLanguage":"fr-FR"},{"@type":"Organization","@id":"https:\/\/www.bussymage.com\/#organization","name":"BUSSYMAGE","url":"https:\/\/www.bussymage.com\/","logo":{"@type":"ImageObject","inLanguage":"fr-FR","@id":"https:\/\/www.bussymage.com\/#\/schema\/logo\/image\/","url":"https:\/\/www.bussymage.com\/wp-content\/uploads\/2021\/12\/cropped-neumorphisme-logo-BUSSYMAGE-scaled-1.jpg","contentUrl":"https:\/\/www.bussymage.com\/wp-content\/uploads\/2021\/12\/cropped-neumorphisme-logo-BUSSYMAGE-scaled-1.jpg","width":250,"height":250,"caption":"BUSSYMAGE"},"image":{"@id":"https:\/\/www.bussymage.com\/#\/schema\/logo\/image\/"}}]}},"_links":{"self":[{"href":"https:\/\/www.bussymage.com\/index.php\/wp-json\/wp\/v2\/pages\/188","targetHints":{"allow":["GET"]}}],"collection":[{"href":"https:\/\/www.bussymage.com\/index.php\/wp-json\/wp\/v2\/pages"}],"about":[{"href":"https:\/\/www.bussymage.com\/index.php\/wp-json\/wp\/v2\/types\/page"}],"author":[{"embeddable":true,"href":"https:\/\/www.bussymage.com\/index.php\/wp-json\/wp\/v2\/users\/1"}],"replies":[{"embeddable":true,"href":"https:\/\/www.bussymage.com\/index.php\/wp-json\/wp\/v2\/comments?post=188"}],"version-history":[{"count":12,"href":"https:\/\/www.bussymage.com\/index.php\/wp-json\/wp\/v2\/pages\/188\/revisions"}],"predecessor-version":[{"id":736,"href":"https:\/\/www.bussymage.com\/index.php\/wp-json\/wp\/v2\/pages\/188\/revisions\/736"}],"wp:attachment":[{"href":"https:\/\/www.bussymage.com\/index.php\/wp-json\/wp\/v2\/media?parent=188"}],"curies":[{"name":"wp","href":"https:\/\/api.w.org\/{rel}","templated":true}]}}