{"id":189,"date":"2019-06-09T20:03:46","date_gmt":"2019-06-09T18:03:46","guid":{"rendered":"http:\/\/www.bussymage.com\/?page_id=189"},"modified":"2025-03-13T12:58:15","modified_gmt":"2025-03-13T11:58:15","slug":"aquatique-nautique","status":"publish","type":"page","link":"https:\/\/www.bussymage.com\/index.php\/aquatique-nautique\/","title":{"rendered":"Aquatique"},"content":{"rendered":"\n<figure class=\"wp-block-gallery has-nested-images columns-2 is-cropped wp-block-gallery-1 is-layout-flex wp-block-gallery-is-layout-flex\">\n<figure class=\"wp-block-image size-large\"><img fetchpriority=\"high\" decoding=\"async\" width=\"1024\" height=\"768\" data-id=\"206\" src=\"https:\/\/www.bussymage.com\/wp-content\/uploads\/2019\/06\/FB_IMG_1560160525009-1024x768.jpg\" alt=\"\" class=\"wp-image-206\" srcset=\"https:\/\/www.bussymage.com\/wp-content\/uploads\/2019\/06\/FB_IMG_1560160525009-1024x768.jpg 1024w, https:\/\/www.bussymage.com\/wp-content\/uploads\/2019\/06\/FB_IMG_1560160525009-300x225.jpg 300w, https:\/\/www.bussymage.com\/wp-content\/uploads\/2019\/06\/FB_IMG_1560160525009-768x576.jpg 768w, https:\/\/www.bussymage.com\/wp-content\/uploads\/2019\/06\/FB_IMG_1560160525009.jpg 1440w\" sizes=\"(max-width: 767px) 89vw, (max-width: 1000px) 54vw, (max-width: 1071px) 543px, 580px\" \/><\/figure>\n\n\n\n<figure class=\"wp-block-image size-large\"><img decoding=\"async\" width=\"1024\" height=\"1024\" data-id=\"208\" src=\"https:\/\/www.bussymage.com\/wp-content\/uploads\/2019\/06\/FB_IMG_1560160531953-1024x1024.jpg\" alt=\"\" class=\"wp-image-208\" srcset=\"https:\/\/www.bussymage.com\/wp-content\/uploads\/2019\/06\/FB_IMG_1560160531953-1024x1024.jpg 1024w, https:\/\/www.bussymage.com\/wp-content\/uploads\/2019\/06\/FB_IMG_1560160531953-150x150.jpg 150w, https:\/\/www.bussymage.com\/wp-content\/uploads\/2019\/06\/FB_IMG_1560160531953-300x300.jpg 300w, https:\/\/www.bussymage.com\/wp-content\/uploads\/2019\/06\/FB_IMG_1560160531953-768x768.jpg 768w, https:\/\/www.bussymage.com\/wp-content\/uploads\/2019\/06\/FB_IMG_1560160531953-100x100.jpg 100w, https:\/\/www.bussymage.com\/wp-content\/uploads\/2019\/06\/FB_IMG_1560160531953.jpg 1080w\" sizes=\"(max-width: 767px) 89vw, (max-width: 1000px) 54vw, (max-width: 1071px) 543px, 580px\" \/><\/figure>\n\n\n\n<figure class=\"wp-block-image size-large\"><img decoding=\"async\" width=\"1024\" height=\"734\" data-id=\"332\" src=\"https:\/\/www.bussymage.com\/wp-content\/uploads\/2020\/01\/Tony01-2-1024x734.jpg\" alt=\"\" class=\"wp-image-332\" srcset=\"https:\/\/www.bussymage.com\/wp-content\/uploads\/2020\/01\/Tony01-2-1024x734.jpg 1024w, https:\/\/www.bussymage.com\/wp-content\/uploads\/2020\/01\/Tony01-2-300x215.jpg 300w, https:\/\/www.bussymage.com\/wp-content\/uploads\/2020\/01\/Tony01-2-768x550.jpg 768w, https:\/\/www.bussymage.com\/wp-content\/uploads\/2020\/01\/Tony01-2-1536x1100.jpg 1536w, https:\/\/www.bussymage.com\/wp-content\/uploads\/2020\/01\/Tony01-2-2048x1467.jpg 2048w\" sizes=\"(max-width: 767px) 89vw, (max-width: 1000px) 54vw, (max-width: 1071px) 543px, 580px\" \/><\/figure>\n\n\n\n<figure class=\"wp-block-image size-large\"><img loading=\"lazy\" decoding=\"async\" width=\"1024\" height=\"674\" data-id=\"476\" src=\"https:\/\/www.bussymage.com\/wp-content\/uploads\/2021\/04\/kilian01-1-1024x674.jpg\" alt=\"\" class=\"wp-image-476\" srcset=\"https:\/\/www.bussymage.com\/wp-content\/uploads\/2021\/04\/kilian01-1-1024x674.jpg 1024w, https:\/\/www.bussymage.com\/wp-content\/uploads\/2021\/04\/kilian01-1-300x198.jpg 300w, https:\/\/www.bussymage.com\/wp-content\/uploads\/2021\/04\/kilian01-1-768x506.jpg 768w, https:\/\/www.bussymage.com\/wp-content\/uploads\/2021\/04\/kilian01-1-1536x1012.jpg 1536w, https:\/\/www.bussymage.com\/wp-content\/uploads\/2021\/04\/kilian01-1-2048x1349.jpg 2048w\" sizes=\"(max-width: 767px) 89vw, (max-width: 1000px) 54vw, (max-width: 1071px) 543px, 580px\" \/><\/figure>\n\n\n\n<figure class=\"wp-block-image size-large\"><img loading=\"lazy\" decoding=\"async\" width=\"1024\" height=\"683\" data-id=\"465\" src=\"https:\/\/www.bussymage.com\/wp-content\/uploads\/2021\/04\/clem13-1024x683.jpg\" alt=\"\" class=\"wp-image-465\" srcset=\"https:\/\/www.bussymage.com\/wp-content\/uploads\/2021\/04\/clem13-1024x683.jpg 1024w, https:\/\/www.bussymage.com\/wp-content\/uploads\/2021\/04\/clem13-300x200.jpg 300w, https:\/\/www.bussymage.com\/wp-content\/uploads\/2021\/04\/clem13-768x512.jpg 768w, https:\/\/www.bussymage.com\/wp-content\/uploads\/2021\/04\/clem13-1536x1024.jpg 1536w, https:\/\/www.bussymage.com\/wp-content\/uploads\/2021\/04\/clem13-2048x1365.jpg 2048w\" sizes=\"(max-width: 767px) 89vw, (max-width: 1000px) 54vw, (max-width: 1071px) 543px, 580px\" \/><\/figure>\n\n\n\n<figure class=\"wp-block-image size-large\"><img loading=\"lazy\" decoding=\"async\" width=\"1024\" height=\"683\" data-id=\"469\" src=\"https:\/\/www.bussymage.com\/wp-content\/uploads\/2021\/04\/wil14-1024x683.jpg\" alt=\"\" class=\"wp-image-469\" srcset=\"https:\/\/www.bussymage.com\/wp-content\/uploads\/2021\/04\/wil14-1024x683.jpg 1024w, https:\/\/www.bussymage.com\/wp-content\/uploads\/2021\/04\/wil14-300x200.jpg 300w, https:\/\/www.bussymage.com\/wp-content\/uploads\/2021\/04\/wil14-768x512.jpg 768w, https:\/\/www.bussymage.com\/wp-content\/uploads\/2021\/04\/wil14-1536x1024.jpg 1536w, https:\/\/www.bussymage.com\/wp-content\/uploads\/2021\/04\/wil14-2048x1365.jpg 2048w\" sizes=\"(max-width: 767px) 89vw, (max-width: 1000px) 54vw, (max-width: 1071px) 543px, 580px\" \/><\/figure>\n\n\n\n<figure class=\"wp-block-image size-large\"><img loading=\"lazy\" decoding=\"async\" width=\"1024\" height=\"628\" data-id=\"472\" src=\"https:\/\/www.bussymage.com\/wp-content\/uploads\/2021\/04\/dav03-1024x628.jpg\" alt=\"\" class=\"wp-image-472\" srcset=\"https:\/\/www.bussymage.com\/wp-content\/uploads\/2021\/04\/dav03-1024x628.jpg 1024w, https:\/\/www.bussymage.com\/wp-content\/uploads\/2021\/04\/dav03-300x184.jpg 300w, https:\/\/www.bussymage.com\/wp-content\/uploads\/2021\/04\/dav03-768x471.jpg 768w, https:\/\/www.bussymage.com\/wp-content\/uploads\/2021\/04\/dav03-1536x942.jpg 1536w, https:\/\/www.bussymage.com\/wp-content\/uploads\/2021\/04\/dav03-2048x1256.jpg 2048w\" sizes=\"(max-width: 767px) 89vw, (max-width: 1000px) 54vw, (max-width: 1071px) 543px, 580px\" \/><\/figure>\n\n\n\n<figure class=\"wp-block-image size-large\"><img loading=\"lazy\" decoding=\"async\" width=\"1024\" height=\"725\" data-id=\"473\" src=\"https:\/\/www.bussymage.com\/wp-content\/uploads\/2021\/04\/ju05-1024x725.jpg\" alt=\"\" class=\"wp-image-473\" srcset=\"https:\/\/www.bussymage.com\/wp-content\/uploads\/2021\/04\/ju05-1024x725.jpg 1024w, https:\/\/www.bussymage.com\/wp-content\/uploads\/2021\/04\/ju05-300x213.jpg 300w, https:\/\/www.bussymage.com\/wp-content\/uploads\/2021\/04\/ju05-768x544.jpg 768w, https:\/\/www.bussymage.com\/wp-content\/uploads\/2021\/04\/ju05-1536x1088.jpg 1536w, https:\/\/www.bussymage.com\/wp-content\/uploads\/2021\/04\/ju05-2048x1451.jpg 2048w\" sizes=\"(max-width: 767px) 89vw, (max-width: 1000px) 54vw, (max-width: 1071px) 543px, 580px\" \/><\/figure>\n<\/figure>\n\n\n\n<p><\/p>\n\n\n\n<p><\/p>\n","protected":false},"excerpt":{"rendered":"","protected":false},"author":1,"featured_media":0,"parent":0,"menu_order":0,"comment_status":"closed","ping_status":"closed","template":"","meta":{"footnotes":""},"class_list":["post-189","page","type-page","status-publish","hentry"],"yoast_head":"<!-- This site is optimized with the Yoast SEO Premium plugin v22.3 (Yoast SEO v24.6) - https:\/\/yoast.com\/wordpress\/plugins\/seo\/ -->\n<title>Aquatique - BUSSYMAGE<\/title>\n<meta name=\"description\" content=\"BUSSYMAGE est une entreprise normande sp\u00e9cialis\u00e9e dans la communication audiovisuelle, offrant des services dans les domaines a\u00e9rien, terrestre et aquatique. Situ\u00e9e \u00e0 Grandcamp-Maisy, l&#039;entreprise propose des solutions innovantes pour r\u00e9pondre \u00e0 vos besoins en mati\u00e8re de captation et de diffusion photo et vid\u00e9o. Si vous souhaitez des prises de vues avec un cadrage diff\u00e9rent et innovant nous n&#039;avons pas peur de nous mouiller. Nous utilisons un dispositif \u00e9tanche pour capturer vos meilleurs moments sur l&#039;eau. Pour en savoir plus sur nos services aquatiques, veuillez visiter notre page d\u00e9di\u00e9e.\" \/>\n<meta name=\"robots\" content=\"index, follow, max-snippet:-1, max-image-preview:large, max-video-preview:-1\" \/>\n<link rel=\"canonical\" href=\"https:\/\/www.bussymage.com\/index.php\/aquatique-nautique\/\" \/>\n<meta property=\"og:locale\" content=\"fr_FR\" \/>\n<meta property=\"og:type\" content=\"article\" \/>\n<meta property=\"og:title\" content=\"Aquatique\" \/>\n<meta property=\"og:description\" content=\"BUSSYMAGE est une entreprise normande sp\u00e9cialis\u00e9e dans la communication audiovisuelle, offrant des services dans les domaines a\u00e9rien, terrestre et aquatique. Situ\u00e9e \u00e0 Grandcamp-Maisy, l&#039;entreprise propose des solutions innovantes pour r\u00e9pondre \u00e0 vos besoins en mati\u00e8re de captation et de diffusion photo et vid\u00e9o. Si vous souhaitez des prises de vues avec un cadrage diff\u00e9rent et innovant nous n&#039;avons pas peur de nous mouiller. Nous utilisons un dispositif \u00e9tanche pour capturer vos meilleurs moments sur l&#039;eau. Pour en savoir plus sur nos services aquatiques, veuillez visiter notre page d\u00e9di\u00e9e.\" \/>\n<meta property=\"og:url\" content=\"https:\/\/www.bussymage.com\/index.php\/aquatique-nautique\/\" \/>\n<meta property=\"og:site_name\" content=\"BUSSYMAGE\" \/>\n<meta property=\"article:modified_time\" content=\"2025-03-13T11:58:15+00:00\" \/>\n<meta property=\"og:image\" content=\"https:\/\/www.bussymage.com\/wp-content\/uploads\/2019\/06\/FB_IMG_1560160525009-1024x768.jpg\" \/>\n<meta name=\"twitter:card\" content=\"summary_large_image\" \/>\n<meta name=\"twitter:label1\" content=\"Dur\u00e9e de lecture estim\u00e9e\" \/>\n\t<meta name=\"twitter:data1\" content=\"2 minutes\" \/>\n<script type=\"application\/ld+json\" class=\"yoast-schema-graph\">{\"@context\":\"https:\/\/schema.org\",\"@graph\":[{\"@type\":\"WebPage\",\"@id\":\"https:\/\/www.bussymage.com\/index.php\/aquatique-nautique\/\",\"url\":\"https:\/\/www.bussymage.com\/index.php\/aquatique-nautique\/\",\"name\":\"Aquatique - BUSSYMAGE\",\"isPartOf\":{\"@id\":\"https:\/\/www.bussymage.com\/#website\"},\"primaryImageOfPage\":{\"@id\":\"https:\/\/www.bussymage.com\/index.php\/aquatique-nautique\/#primaryimage\"},\"image\":{\"@id\":\"https:\/\/www.bussymage.com\/index.php\/aquatique-nautique\/#primaryimage\"},\"thumbnailUrl\":\"https:\/\/www.bussymage.com\/wp-content\/uploads\/2019\/06\/FB_IMG_1560160525009-1024x768.jpg\",\"datePublished\":\"2019-06-09T18:03:46+00:00\",\"dateModified\":\"2025-03-13T11:58:15+00:00\",\"description\":\"BUSSYMAGE est une entreprise normande sp\u00e9cialis\u00e9e dans la communication audiovisuelle, offrant des services dans les domaines a\u00e9rien, terrestre et aquatique. Situ\u00e9e \u00e0 Grandcamp-Maisy, l'entreprise propose des solutions innovantes pour r\u00e9pondre \u00e0 vos besoins en mati\u00e8re de captation et de diffusion photo et vid\u00e9o. Si vous souhaitez des prises de vues avec un cadrage diff\u00e9rent et innovant nous n'avons pas peur de nous mouiller. Nous utilisons un dispositif \u00e9tanche pour capturer vos meilleurs moments sur l'eau. Pour en savoir plus sur nos services aquatiques, veuillez visiter notre page d\u00e9di\u00e9e.\",\"breadcrumb\":{\"@id\":\"https:\/\/www.bussymage.com\/index.php\/aquatique-nautique\/#breadcrumb\"},\"inLanguage\":\"fr-FR\",\"potentialAction\":[{\"@type\":\"ReadAction\",\"target\":[\"https:\/\/www.bussymage.com\/index.php\/aquatique-nautique\/\"]}]},{\"@type\":\"ImageObject\",\"inLanguage\":\"fr-FR\",\"@id\":\"https:\/\/www.bussymage.com\/index.php\/aquatique-nautique\/#primaryimage\",\"url\":\"https:\/\/www.bussymage.com\/wp-content\/uploads\/2019\/06\/FB_IMG_1560160525009.jpg\",\"contentUrl\":\"https:\/\/www.bussymage.com\/wp-content\/uploads\/2019\/06\/FB_IMG_1560160525009.jpg\",\"width\":1440,\"height\":1080},{\"@type\":\"BreadcrumbList\",\"@id\":\"https:\/\/www.bussymage.com\/index.php\/aquatique-nautique\/#breadcrumb\",\"itemListElement\":[{\"@type\":\"ListItem\",\"position\":1,\"name\":\"Accueil\",\"item\":\"https:\/\/www.bussymage.com\/\"},{\"@type\":\"ListItem\",\"position\":2,\"name\":\"Aquatique\"}]},{\"@type\":\"WebSite\",\"@id\":\"https:\/\/www.bussymage.com\/#website\",\"url\":\"https:\/\/www.bussymage.com\/\",\"name\":\"BUSSYMAGE\",\"description\":\"Normandie Communication audiovisuelle AIR\/SOL\/EAU\",\"publisher\":{\"@id\":\"https:\/\/www.bussymage.com\/#organization\"},\"potentialAction\":[{\"@type\":\"SearchAction\",\"target\":{\"@type\":\"EntryPoint\",\"urlTemplate\":\"https:\/\/www.bussymage.com\/?s={search_term_string}\"},\"query-input\":{\"@type\":\"PropertyValueSpecification\",\"valueRequired\":true,\"valueName\":\"search_term_string\"}}],\"inLanguage\":\"fr-FR\"},{\"@type\":\"Organization\",\"@id\":\"https:\/\/www.bussymage.com\/#organization\",\"name\":\"BUSSYMAGE\",\"url\":\"https:\/\/www.bussymage.com\/\",\"logo\":{\"@type\":\"ImageObject\",\"inLanguage\":\"fr-FR\",\"@id\":\"https:\/\/www.bussymage.com\/#\/schema\/logo\/image\/\",\"url\":\"https:\/\/www.bussymage.com\/wp-content\/uploads\/2021\/12\/cropped-neumorphisme-logo-BUSSYMAGE-scaled-1.jpg\",\"contentUrl\":\"https:\/\/www.bussymage.com\/wp-content\/uploads\/2021\/12\/cropped-neumorphisme-logo-BUSSYMAGE-scaled-1.jpg\",\"width\":250,\"height\":250,\"caption\":\"BUSSYMAGE\"},\"image\":{\"@id\":\"https:\/\/www.bussymage.com\/#\/schema\/logo\/image\/\"}}]}<\/script>\n<!-- \/ Yoast SEO Premium plugin. -->","yoast_head_json":{"title":"Aquatique - BUSSYMAGE","description":"BUSSYMAGE est une entreprise normande sp\u00e9cialis\u00e9e dans la communication audiovisuelle, offrant des services dans les domaines a\u00e9rien, terrestre et aquatique. Situ\u00e9e \u00e0 Grandcamp-Maisy, l'entreprise propose des solutions innovantes pour r\u00e9pondre \u00e0 vos besoins en mati\u00e8re de captation et de diffusion photo et vid\u00e9o. Si vous souhaitez des prises de vues avec un cadrage diff\u00e9rent et innovant nous n'avons pas peur de nous mouiller. Nous utilisons un dispositif \u00e9tanche pour capturer vos meilleurs moments sur l'eau. Pour en savoir plus sur nos services aquatiques, veuillez visiter notre page d\u00e9di\u00e9e.","robots":{"index":"index","follow":"follow","max-snippet":"max-snippet:-1","max-image-preview":"max-image-preview:large","max-video-preview":"max-video-preview:-1"},"canonical":"https:\/\/www.bussymage.com\/index.php\/aquatique-nautique\/","og_locale":"fr_FR","og_type":"article","og_title":"Aquatique","og_description":"BUSSYMAGE est une entreprise normande sp\u00e9cialis\u00e9e dans la communication audiovisuelle, offrant des services dans les domaines a\u00e9rien, terrestre et aquatique. Situ\u00e9e \u00e0 Grandcamp-Maisy, l'entreprise propose des solutions innovantes pour r\u00e9pondre \u00e0 vos besoins en mati\u00e8re de captation et de diffusion photo et vid\u00e9o. Si vous souhaitez des prises de vues avec un cadrage diff\u00e9rent et innovant nous n'avons pas peur de nous mouiller. Nous utilisons un dispositif \u00e9tanche pour capturer vos meilleurs moments sur l'eau. Pour en savoir plus sur nos services aquatiques, veuillez visiter notre page d\u00e9di\u00e9e.","og_url":"https:\/\/www.bussymage.com\/index.php\/aquatique-nautique\/","og_site_name":"BUSSYMAGE","article_modified_time":"2025-03-13T11:58:15+00:00","og_image":[{"url":"https:\/\/www.bussymage.com\/wp-content\/uploads\/2019\/06\/FB_IMG_1560160525009-1024x768.jpg","type":"","width":"","height":""}],"twitter_card":"summary_large_image","twitter_misc":{"Dur\u00e9e de lecture estim\u00e9e":"2 minutes"},"schema":{"@context":"https:\/\/schema.org","@graph":[{"@type":"WebPage","@id":"https:\/\/www.bussymage.com\/index.php\/aquatique-nautique\/","url":"https:\/\/www.bussymage.com\/index.php\/aquatique-nautique\/","name":"Aquatique - BUSSYMAGE","isPartOf":{"@id":"https:\/\/www.bussymage.com\/#website"},"primaryImageOfPage":{"@id":"https:\/\/www.bussymage.com\/index.php\/aquatique-nautique\/#primaryimage"},"image":{"@id":"https:\/\/www.bussymage.com\/index.php\/aquatique-nautique\/#primaryimage"},"thumbnailUrl":"https:\/\/www.bussymage.com\/wp-content\/uploads\/2019\/06\/FB_IMG_1560160525009-1024x768.jpg","datePublished":"2019-06-09T18:03:46+00:00","dateModified":"2025-03-13T11:58:15+00:00","description":"BUSSYMAGE est une entreprise normande sp\u00e9cialis\u00e9e dans la communication audiovisuelle, offrant des services dans les domaines a\u00e9rien, terrestre et aquatique. Situ\u00e9e \u00e0 Grandcamp-Maisy, l'entreprise propose des solutions innovantes pour r\u00e9pondre \u00e0 vos besoins en mati\u00e8re de captation et de diffusion photo et vid\u00e9o. Si vous souhaitez des prises de vues avec un cadrage diff\u00e9rent et innovant nous n'avons pas peur de nous mouiller. Nous utilisons un dispositif \u00e9tanche pour capturer vos meilleurs moments sur l'eau. Pour en savoir plus sur nos services aquatiques, veuillez visiter notre page d\u00e9di\u00e9e.","breadcrumb":{"@id":"https:\/\/www.bussymage.com\/index.php\/aquatique-nautique\/#breadcrumb"},"inLanguage":"fr-FR","potentialAction":[{"@type":"ReadAction","target":["https:\/\/www.bussymage.com\/index.php\/aquatique-nautique\/"]}]},{"@type":"ImageObject","inLanguage":"fr-FR","@id":"https:\/\/www.bussymage.com\/index.php\/aquatique-nautique\/#primaryimage","url":"https:\/\/www.bussymage.com\/wp-content\/uploads\/2019\/06\/FB_IMG_1560160525009.jpg","contentUrl":"https:\/\/www.bussymage.com\/wp-content\/uploads\/2019\/06\/FB_IMG_1560160525009.jpg","width":1440,"height":1080},{"@type":"BreadcrumbList","@id":"https:\/\/www.bussymage.com\/index.php\/aquatique-nautique\/#breadcrumb","itemListElement":[{"@type":"ListItem","position":1,"name":"Accueil","item":"https:\/\/www.bussymage.com\/"},{"@type":"ListItem","position":2,"name":"Aquatique"}]},{"@type":"WebSite","@id":"https:\/\/www.bussymage.com\/#website","url":"https:\/\/www.bussymage.com\/","name":"BUSSYMAGE","description":"Normandie Communication audiovisuelle AIR\/SOL\/EAU","publisher":{"@id":"https:\/\/www.bussymage.com\/#organization"},"potentialAction":[{"@type":"SearchAction","target":{"@type":"EntryPoint","urlTemplate":"https:\/\/www.bussymage.com\/?s={search_term_string}"},"query-input":{"@type":"PropertyValueSpecification","valueRequired":true,"valueName":"search_term_string"}}],"inLanguage":"fr-FR"},{"@type":"Organization","@id":"https:\/\/www.bussymage.com\/#organization","name":"BUSSYMAGE","url":"https:\/\/www.bussymage.com\/","logo":{"@type":"ImageObject","inLanguage":"fr-FR","@id":"https:\/\/www.bussymage.com\/#\/schema\/logo\/image\/","url":"https:\/\/www.bussymage.com\/wp-content\/uploads\/2021\/12\/cropped-neumorphisme-logo-BUSSYMAGE-scaled-1.jpg","contentUrl":"https:\/\/www.bussymage.com\/wp-content\/uploads\/2021\/12\/cropped-neumorphisme-logo-BUSSYMAGE-scaled-1.jpg","width":250,"height":250,"caption":"BUSSYMAGE"},"image":{"@id":"https:\/\/www.bussymage.com\/#\/schema\/logo\/image\/"}}]}},"_links":{"self":[{"href":"https:\/\/www.bussymage.com\/index.php\/wp-json\/wp\/v2\/pages\/189","targetHints":{"allow":["GET"]}}],"collection":[{"href":"https:\/\/www.bussymage.com\/index.php\/wp-json\/wp\/v2\/pages"}],"about":[{"href":"https:\/\/www.bussymage.com\/index.php\/wp-json\/wp\/v2\/types\/page"}],"author":[{"embeddable":true,"href":"https:\/\/www.bussymage.com\/index.php\/wp-json\/wp\/v2\/users\/1"}],"replies":[{"embeddable":true,"href":"https:\/\/www.bussymage.com\/index.php\/wp-json\/wp\/v2\/comments?post=189"}],"version-history":[{"count":21,"href":"https:\/\/www.bussymage.com\/index.php\/wp-json\/wp\/v2\/pages\/189\/revisions"}],"predecessor-version":[{"id":734,"href":"https:\/\/www.bussymage.com\/index.php\/wp-json\/wp\/v2\/pages\/189\/revisions\/734"}],"wp:attachment":[{"href":"https:\/\/www.bussymage.com\/index.php\/wp-json\/wp\/v2\/media?parent=189"}],"curies":[{"name":"wp","href":"https:\/\/api.w.org\/{rel}","templated":true}]}}