{"id":339,"date":"2020-01-05T18:35:40","date_gmt":"2020-01-05T17:35:40","guid":{"rendered":"http:\/\/www.bussymage.com\/?page_id=339"},"modified":"2025-03-13T13:08:03","modified_gmt":"2025-03-13T12:08:03","slug":"news-actualites","status":"publish","type":"page","link":"https:\/\/www.bussymage.com\/index.php\/news-actualites\/","title":{"rendered":"News"},"content":{"rendered":"\n<div class=\"wp-block-group\"><div class=\"wp-block-group__inner-container is-layout-flow wp-block-group-is-layout-flow\"><\/div><\/div>\n\n\n\n<figure class=\"wp-block-image size-full\"><a href=\"https:\/\/www.youtube.com\/watch?v=8Zfd7ZfUqiw\"><img fetchpriority=\"high\" decoding=\"async\" width=\"1024\" height=\"435\" src=\"https:\/\/www.bussymage.com\/wp-content\/uploads\/2022\/01\/glc-lift.png\" alt=\"\" class=\"wp-image-510\" srcset=\"https:\/\/www.bussymage.com\/wp-content\/uploads\/2022\/01\/glc-lift.png 1024w, https:\/\/www.bussymage.com\/wp-content\/uploads\/2022\/01\/glc-lift-300x127.png 300w, https:\/\/www.bussymage.com\/wp-content\/uploads\/2022\/01\/glc-lift-768x326.png 768w\" sizes=\"(max-width: 767px) 89vw, (max-width: 1000px) 54vw, (max-width: 1071px) 543px, 580px\" \/><\/a><\/figure>\n\n\n\n<figure class=\"wp-block-image size-full\"><a href=\"https:\/\/www.youtube.com\/watch?v=kDhU1Bd9f5I&amp;t=2s\" target=\"_blank\" rel=\"noreferrer noopener\"><img decoding=\"async\" width=\"1024\" height=\"435\" src=\"https:\/\/www.bussymage.com\/wp-content\/uploads\/2022\/01\/miniature-site-web-.png\" alt=\"\" class=\"wp-image-493\" srcset=\"https:\/\/www.bussymage.com\/wp-content\/uploads\/2022\/01\/miniature-site-web-.png 1024w, https:\/\/www.bussymage.com\/wp-content\/uploads\/2022\/01\/miniature-site-web--300x127.png 300w, https:\/\/www.bussymage.com\/wp-content\/uploads\/2022\/01\/miniature-site-web--768x326.png 768w\" sizes=\"(max-width: 767px) 89vw, (max-width: 1000px) 54vw, (max-width: 1071px) 543px, 580px\" \/><\/a><\/figure>\n\n\n\n<figure class=\"wp-block-image size-full\"><a href=\"https:\/\/www.youtube.com\/watch?v=kUkhMzVOtH4\" target=\"_blank\" rel=\"noreferrer noopener\"><img decoding=\"async\" width=\"1024\" height=\"435\" src=\"https:\/\/www.bussymage.com\/wp-content\/uploads\/2022\/01\/traversa-f3.png\" alt=\"\" class=\"wp-image-507\" srcset=\"https:\/\/www.bussymage.com\/wp-content\/uploads\/2022\/01\/traversa-f3.png 1024w, https:\/\/www.bussymage.com\/wp-content\/uploads\/2022\/01\/traversa-f3-300x127.png 300w, https:\/\/www.bussymage.com\/wp-content\/uploads\/2022\/01\/traversa-f3-768x326.png 768w\" sizes=\"(max-width: 767px) 89vw, (max-width: 1000px) 54vw, (max-width: 1071px) 543px, 580px\" \/><\/a><\/figure>\n\n\n\n<figure class=\"wp-block-image size-full\"><a href=\"https:\/\/www.youtube.com\/watch?v=Gm9gxY9BECM\" target=\"_blank\" rel=\"noreferrer noopener\"><img loading=\"lazy\" decoding=\"async\" width=\"1024\" height=\"435\" src=\"https:\/\/www.bussymage.com\/wp-content\/uploads\/2022\/01\/jules-denel.png\" alt=\"\" class=\"wp-image-512\" srcset=\"https:\/\/www.bussymage.com\/wp-content\/uploads\/2022\/01\/jules-denel.png 1024w, https:\/\/www.bussymage.com\/wp-content\/uploads\/2022\/01\/jules-denel-300x127.png 300w, https:\/\/www.bussymage.com\/wp-content\/uploads\/2022\/01\/jules-denel-768x326.png 768w\" sizes=\"(max-width: 767px) 89vw, (max-width: 1000px) 54vw, (max-width: 1071px) 543px, 580px\" \/><\/a><\/figure>\n\n\n\n<figure class=\"wp-block-image size-full\"><a href=\"https:\/\/www.youtube.com\/watch?v=HDB4A_-LI1g\" target=\"_blank\" rel=\"noreferrer noopener\"><img loading=\"lazy\" decoding=\"async\" width=\"1024\" height=\"435\" src=\"https:\/\/www.bussymage.com\/wp-content\/uploads\/2022\/01\/noremana.png\" alt=\"\" class=\"wp-image-514\" srcset=\"https:\/\/www.bussymage.com\/wp-content\/uploads\/2022\/01\/noremana.png 1024w, https:\/\/www.bussymage.com\/wp-content\/uploads\/2022\/01\/noremana-300x127.png 300w, https:\/\/www.bussymage.com\/wp-content\/uploads\/2022\/01\/noremana-768x326.png 768w\" sizes=\"(max-width: 767px) 89vw, (max-width: 1000px) 54vw, (max-width: 1071px) 543px, 580px\" \/><\/a><\/figure>\n\n\n\n<div class=\"wp-block-group\"><div class=\"wp-block-group__inner-container is-layout-flow wp-block-group-is-layout-flow\">\n<div class=\"wp-block-group\"><div class=\"wp-block-group__inner-container is-layout-flow wp-block-group-is-layout-flow\"><\/div><\/div>\n<\/div><\/div>\n","protected":false},"excerpt":{"rendered":"","protected":false},"author":1,"featured_media":0,"parent":0,"menu_order":0,"comment_status":"closed","ping_status":"closed","template":"","meta":{"footnotes":""},"class_list":["post-339","page","type-page","status-publish","hentry"],"yoast_head":"<!-- This site is optimized with the Yoast SEO Premium plugin v22.3 (Yoast SEO v24.6) - https:\/\/yoast.com\/wordpress\/plugins\/seo\/ -->\n<title>News - BUSSYMAGE<\/title>\n<meta name=\"description\" content=\"La section Actualit\u00e9s de BUSSYMAGE, situ\u00e9e \u00e0 Grandcamp-Maisy en Normandie, vous tient inform\u00e9 des derniers projets et r\u00e9alisations en communication audiovisuelle. D\u00e9couvrez nos nouveaut\u00e9s en prises de vue a\u00e9riennes, terrestres et aquatiques, ainsi que nos cr\u00e9ations graphiques personnalis\u00e9es. Pour plus d&#039;informations ou pour collaborer avec nous, contactez-nous au 06 89 99 90 30 ou par email \u00e0 bussy_benjamin@hotmail.com.\" \/>\n<meta name=\"robots\" content=\"index, follow, max-snippet:-1, max-image-preview:large, max-video-preview:-1\" \/>\n<link rel=\"canonical\" href=\"https:\/\/www.bussymage.com\/index.php\/news-actualites\/\" \/>\n<meta property=\"og:locale\" content=\"fr_FR\" \/>\n<meta property=\"og:type\" content=\"article\" \/>\n<meta property=\"og:title\" content=\"News\" \/>\n<meta property=\"og:description\" content=\"La section Actualit\u00e9s de BUSSYMAGE, situ\u00e9e \u00e0 Grandcamp-Maisy en Normandie, vous tient inform\u00e9 des derniers projets et r\u00e9alisations en communication audiovisuelle. D\u00e9couvrez nos nouveaut\u00e9s en prises de vue a\u00e9riennes, terrestres et aquatiques, ainsi que nos cr\u00e9ations graphiques personnalis\u00e9es. Pour plus d&#039;informations ou pour collaborer avec nous, contactez-nous au 06 89 99 90 30 ou par email \u00e0 bussy_benjamin@hotmail.com.\" \/>\n<meta property=\"og:url\" content=\"https:\/\/www.bussymage.com\/index.php\/news-actualites\/\" \/>\n<meta property=\"og:site_name\" content=\"BUSSYMAGE\" \/>\n<meta property=\"article:modified_time\" content=\"2025-03-13T12:08:03+00:00\" \/>\n<meta property=\"og:image\" content=\"http:\/\/www.bussymage.com\/wp-content\/uploads\/2022\/01\/glc-lift.png\" \/>\n<meta name=\"twitter:card\" content=\"summary_large_image\" \/>\n<meta name=\"twitter:label1\" content=\"Dur\u00e9e de lecture estim\u00e9e\" \/>\n\t<meta name=\"twitter:data1\" content=\"1 minute\" \/>\n<script type=\"application\/ld+json\" class=\"yoast-schema-graph\">{\"@context\":\"https:\/\/schema.org\",\"@graph\":[{\"@type\":\"WebPage\",\"@id\":\"https:\/\/www.bussymage.com\/index.php\/news-actualites\/\",\"url\":\"https:\/\/www.bussymage.com\/index.php\/news-actualites\/\",\"name\":\"News - BUSSYMAGE\",\"isPartOf\":{\"@id\":\"https:\/\/www.bussymage.com\/#website\"},\"primaryImageOfPage\":{\"@id\":\"https:\/\/www.bussymage.com\/index.php\/news-actualites\/#primaryimage\"},\"image\":{\"@id\":\"https:\/\/www.bussymage.com\/index.php\/news-actualites\/#primaryimage\"},\"thumbnailUrl\":\"http:\/\/www.bussymage.com\/wp-content\/uploads\/2022\/01\/glc-lift.png\",\"datePublished\":\"2020-01-05T17:35:40+00:00\",\"dateModified\":\"2025-03-13T12:08:03+00:00\",\"description\":\"La section Actualit\u00e9s de BUSSYMAGE, situ\u00e9e \u00e0 Grandcamp-Maisy en Normandie, vous tient inform\u00e9 des derniers projets et r\u00e9alisations en communication audiovisuelle. D\u00e9couvrez nos nouveaut\u00e9s en prises de vue a\u00e9riennes, terrestres et aquatiques, ainsi que nos cr\u00e9ations graphiques personnalis\u00e9es. Pour plus d'informations ou pour collaborer avec nous, contactez-nous au 06 89 99 90 30 ou par email \u00e0 bussy_benjamin@hotmail.com.\",\"breadcrumb\":{\"@id\":\"https:\/\/www.bussymage.com\/index.php\/news-actualites\/#breadcrumb\"},\"inLanguage\":\"fr-FR\",\"potentialAction\":[{\"@type\":\"ReadAction\",\"target\":[\"https:\/\/www.bussymage.com\/index.php\/news-actualites\/\"]}]},{\"@type\":\"ImageObject\",\"inLanguage\":\"fr-FR\",\"@id\":\"https:\/\/www.bussymage.com\/index.php\/news-actualites\/#primaryimage\",\"url\":\"http:\/\/www.bussymage.com\/wp-content\/uploads\/2022\/01\/glc-lift.png\",\"contentUrl\":\"http:\/\/www.bussymage.com\/wp-content\/uploads\/2022\/01\/glc-lift.png\"},{\"@type\":\"BreadcrumbList\",\"@id\":\"https:\/\/www.bussymage.com\/index.php\/news-actualites\/#breadcrumb\",\"itemListElement\":[{\"@type\":\"ListItem\",\"position\":1,\"name\":\"Accueil\",\"item\":\"https:\/\/www.bussymage.com\/\"},{\"@type\":\"ListItem\",\"position\":2,\"name\":\"News\"}]},{\"@type\":\"WebSite\",\"@id\":\"https:\/\/www.bussymage.com\/#website\",\"url\":\"https:\/\/www.bussymage.com\/\",\"name\":\"BUSSYMAGE\",\"description\":\"Normandie Communication audiovisuelle AIR\/SOL\/EAU\",\"publisher\":{\"@id\":\"https:\/\/www.bussymage.com\/#organization\"},\"potentialAction\":[{\"@type\":\"SearchAction\",\"target\":{\"@type\":\"EntryPoint\",\"urlTemplate\":\"https:\/\/www.bussymage.com\/?s={search_term_string}\"},\"query-input\":{\"@type\":\"PropertyValueSpecification\",\"valueRequired\":true,\"valueName\":\"search_term_string\"}}],\"inLanguage\":\"fr-FR\"},{\"@type\":\"Organization\",\"@id\":\"https:\/\/www.bussymage.com\/#organization\",\"name\":\"BUSSYMAGE\",\"url\":\"https:\/\/www.bussymage.com\/\",\"logo\":{\"@type\":\"ImageObject\",\"inLanguage\":\"fr-FR\",\"@id\":\"https:\/\/www.bussymage.com\/#\/schema\/logo\/image\/\",\"url\":\"https:\/\/www.bussymage.com\/wp-content\/uploads\/2021\/12\/cropped-neumorphisme-logo-BUSSYMAGE-scaled-1.jpg\",\"contentUrl\":\"https:\/\/www.bussymage.com\/wp-content\/uploads\/2021\/12\/cropped-neumorphisme-logo-BUSSYMAGE-scaled-1.jpg\",\"width\":250,\"height\":250,\"caption\":\"BUSSYMAGE\"},\"image\":{\"@id\":\"https:\/\/www.bussymage.com\/#\/schema\/logo\/image\/\"}}]}<\/script>\n<!-- \/ Yoast SEO Premium plugin. -->","yoast_head_json":{"title":"News - BUSSYMAGE","description":"La section Actualit\u00e9s de BUSSYMAGE, situ\u00e9e \u00e0 Grandcamp-Maisy en Normandie, vous tient inform\u00e9 des derniers projets et r\u00e9alisations en communication audiovisuelle. D\u00e9couvrez nos nouveaut\u00e9s en prises de vue a\u00e9riennes, terrestres et aquatiques, ainsi que nos cr\u00e9ations graphiques personnalis\u00e9es. Pour plus d'informations ou pour collaborer avec nous, contactez-nous au 06 89 99 90 30 ou par email \u00e0 bussy_benjamin@hotmail.com.","robots":{"index":"index","follow":"follow","max-snippet":"max-snippet:-1","max-image-preview":"max-image-preview:large","max-video-preview":"max-video-preview:-1"},"canonical":"https:\/\/www.bussymage.com\/index.php\/news-actualites\/","og_locale":"fr_FR","og_type":"article","og_title":"News","og_description":"La section Actualit\u00e9s de BUSSYMAGE, situ\u00e9e \u00e0 Grandcamp-Maisy en Normandie, vous tient inform\u00e9 des derniers projets et r\u00e9alisations en communication audiovisuelle. D\u00e9couvrez nos nouveaut\u00e9s en prises de vue a\u00e9riennes, terrestres et aquatiques, ainsi que nos cr\u00e9ations graphiques personnalis\u00e9es. Pour plus d'informations ou pour collaborer avec nous, contactez-nous au 06 89 99 90 30 ou par email \u00e0 bussy_benjamin@hotmail.com.","og_url":"https:\/\/www.bussymage.com\/index.php\/news-actualites\/","og_site_name":"BUSSYMAGE","article_modified_time":"2025-03-13T12:08:03+00:00","og_image":[{"url":"http:\/\/www.bussymage.com\/wp-content\/uploads\/2022\/01\/glc-lift.png","type":"","width":"","height":""}],"twitter_card":"summary_large_image","twitter_misc":{"Dur\u00e9e de lecture estim\u00e9e":"1 minute"},"schema":{"@context":"https:\/\/schema.org","@graph":[{"@type":"WebPage","@id":"https:\/\/www.bussymage.com\/index.php\/news-actualites\/","url":"https:\/\/www.bussymage.com\/index.php\/news-actualites\/","name":"News - BUSSYMAGE","isPartOf":{"@id":"https:\/\/www.bussymage.com\/#website"},"primaryImageOfPage":{"@id":"https:\/\/www.bussymage.com\/index.php\/news-actualites\/#primaryimage"},"image":{"@id":"https:\/\/www.bussymage.com\/index.php\/news-actualites\/#primaryimage"},"thumbnailUrl":"http:\/\/www.bussymage.com\/wp-content\/uploads\/2022\/01\/glc-lift.png","datePublished":"2020-01-05T17:35:40+00:00","dateModified":"2025-03-13T12:08:03+00:00","description":"La section Actualit\u00e9s de BUSSYMAGE, situ\u00e9e \u00e0 Grandcamp-Maisy en Normandie, vous tient inform\u00e9 des derniers projets et r\u00e9alisations en communication audiovisuelle. D\u00e9couvrez nos nouveaut\u00e9s en prises de vue a\u00e9riennes, terrestres et aquatiques, ainsi que nos cr\u00e9ations graphiques personnalis\u00e9es. Pour plus d'informations ou pour collaborer avec nous, contactez-nous au 06 89 99 90 30 ou par email \u00e0 bussy_benjamin@hotmail.com.","breadcrumb":{"@id":"https:\/\/www.bussymage.com\/index.php\/news-actualites\/#breadcrumb"},"inLanguage":"fr-FR","potentialAction":[{"@type":"ReadAction","target":["https:\/\/www.bussymage.com\/index.php\/news-actualites\/"]}]},{"@type":"ImageObject","inLanguage":"fr-FR","@id":"https:\/\/www.bussymage.com\/index.php\/news-actualites\/#primaryimage","url":"http:\/\/www.bussymage.com\/wp-content\/uploads\/2022\/01\/glc-lift.png","contentUrl":"http:\/\/www.bussymage.com\/wp-content\/uploads\/2022\/01\/glc-lift.png"},{"@type":"BreadcrumbList","@id":"https:\/\/www.bussymage.com\/index.php\/news-actualites\/#breadcrumb","itemListElement":[{"@type":"ListItem","position":1,"name":"Accueil","item":"https:\/\/www.bussymage.com\/"},{"@type":"ListItem","position":2,"name":"News"}]},{"@type":"WebSite","@id":"https:\/\/www.bussymage.com\/#website","url":"https:\/\/www.bussymage.com\/","name":"BUSSYMAGE","description":"Normandie Communication audiovisuelle AIR\/SOL\/EAU","publisher":{"@id":"https:\/\/www.bussymage.com\/#organization"},"potentialAction":[{"@type":"SearchAction","target":{"@type":"EntryPoint","urlTemplate":"https:\/\/www.bussymage.com\/?s={search_term_string}"},"query-input":{"@type":"PropertyValueSpecification","valueRequired":true,"valueName":"search_term_string"}}],"inLanguage":"fr-FR"},{"@type":"Organization","@id":"https:\/\/www.bussymage.com\/#organization","name":"BUSSYMAGE","url":"https:\/\/www.bussymage.com\/","logo":{"@type":"ImageObject","inLanguage":"fr-FR","@id":"https:\/\/www.bussymage.com\/#\/schema\/logo\/image\/","url":"https:\/\/www.bussymage.com\/wp-content\/uploads\/2021\/12\/cropped-neumorphisme-logo-BUSSYMAGE-scaled-1.jpg","contentUrl":"https:\/\/www.bussymage.com\/wp-content\/uploads\/2021\/12\/cropped-neumorphisme-logo-BUSSYMAGE-scaled-1.jpg","width":250,"height":250,"caption":"BUSSYMAGE"},"image":{"@id":"https:\/\/www.bussymage.com\/#\/schema\/logo\/image\/"}}]}},"_links":{"self":[{"href":"https:\/\/www.bussymage.com\/index.php\/wp-json\/wp\/v2\/pages\/339","targetHints":{"allow":["GET"]}}],"collection":[{"href":"https:\/\/www.bussymage.com\/index.php\/wp-json\/wp\/v2\/pages"}],"about":[{"href":"https:\/\/www.bussymage.com\/index.php\/wp-json\/wp\/v2\/types\/page"}],"author":[{"embeddable":true,"href":"https:\/\/www.bussymage.com\/index.php\/wp-json\/wp\/v2\/users\/1"}],"replies":[{"embeddable":true,"href":"https:\/\/www.bussymage.com\/index.php\/wp-json\/wp\/v2\/comments?post=339"}],"version-history":[{"count":53,"href":"https:\/\/www.bussymage.com\/index.php\/wp-json\/wp\/v2\/pages\/339\/revisions"}],"predecessor-version":[{"id":584,"href":"https:\/\/www.bussymage.com\/index.php\/wp-json\/wp\/v2\/pages\/339\/revisions\/584"}],"wp:attachment":[{"href":"https:\/\/www.bussymage.com\/index.php\/wp-json\/wp\/v2\/media?parent=339"}],"curies":[{"name":"wp","href":"https:\/\/api.w.org\/{rel}","templated":true}]}}