{"id":587,"date":"2022-03-10T11:21:29","date_gmt":"2022-03-10T10:21:29","guid":{"rendered":"http:\/\/www.bussymage.com\/?page_id=587"},"modified":"2026-01-06T15:03:07","modified_gmt":"2026-01-06T14:03:07","slug":"vos-plus-belles-bussymages","status":"publish","type":"page","link":"https:\/\/www.bussymage.com\/index.php\/vos-plus-belles-bussymages\/","title":{"rendered":"Vos plus belles Bussymages"},"content":{"rendered":"","protected":true},"excerpt":{"rendered":"","protected":true},"author":1,"featured_media":0,"parent":0,"menu_order":0,"comment_status":"closed","ping_status":"closed","template":"","meta":{"footnotes":""},"class_list":["post-587","page","type-page","status-publish","post-password-required","hentry"],"yoast_head":"<!-- This site is optimized with the Yoast SEO Premium plugin v22.3 (Yoast SEO v24.6) - https:\/\/yoast.com\/wordpress\/plugins\/seo\/ -->\n<title>Vos plus belles Bussymages - BUSSYMAGE<\/title>\n<meta name=\"description\" content=\"La page &quot;Vos plus belles Bussymages&quot; de BUSSYMAGE est prot\u00e9g\u00e9e par mot de passe et d\u00e9di\u00e9e \u00e0 la pr\u00e9sentation des r\u00e9alisations exceptionnelles de nos clients. Situ\u00e9e \u00e0 Grandcamp-Maisy en Normandie, BUSSYMAGE est sp\u00e9cialis\u00e9e dans la communication audiovisuelle, offrant des services personnalis\u00e9s de vid\u00e9o, photographie, montage, ainsi que des prises de vue a\u00e9riennes, terrestres et aquatiques. Pour acc\u00e9der \u00e0 cette section exclusive ou pour en savoir plus sur nos services, veuillez nous contacter au 06 89 99 90 30 ou par email \u00e0 bussy_benjamin@hotmail.com\" \/>\n<meta name=\"robots\" content=\"index, follow, max-snippet:-1, max-image-preview:large, max-video-preview:-1\" \/>\n<link rel=\"canonical\" href=\"https:\/\/www.bussymage.com\/index.php\/vos-plus-belles-bussymages\/\" \/>\n<meta property=\"og:locale\" content=\"fr_FR\" \/>\n<meta property=\"og:type\" content=\"article\" \/>\n<meta property=\"og:title\" content=\"Vos plus belles Bussymages\" \/>\n<meta property=\"og:description\" content=\"La page &quot;Vos plus belles Bussymages&quot; de BUSSYMAGE est prot\u00e9g\u00e9e par mot de passe et d\u00e9di\u00e9e \u00e0 la pr\u00e9sentation des r\u00e9alisations exceptionnelles de nos clients. Situ\u00e9e \u00e0 Grandcamp-Maisy en Normandie, BUSSYMAGE est sp\u00e9cialis\u00e9e dans la communication audiovisuelle, offrant des services personnalis\u00e9s de vid\u00e9o, photographie, montage, ainsi que des prises de vue a\u00e9riennes, terrestres et aquatiques. Pour acc\u00e9der \u00e0 cette section exclusive ou pour en savoir plus sur nos services, veuillez nous contacter au 06 89 99 90 30 ou par email \u00e0 bussy_benjamin@hotmail.com\" \/>\n<meta property=\"og:url\" content=\"https:\/\/www.bussymage.com\/index.php\/vos-plus-belles-bussymages\/\" \/>\n<meta property=\"og:site_name\" content=\"BUSSYMAGE\" \/>\n<meta property=\"article:modified_time\" content=\"2026-01-06T14:03:07+00:00\" \/>\n<meta name=\"twitter:card\" content=\"summary_large_image\" \/>\n<meta name=\"twitter:label1\" content=\"Dur\u00e9e de lecture estim\u00e9e\" \/>\n\t<meta name=\"twitter:data1\" content=\"7 minutes\" \/>\n<script type=\"application\/ld+json\" class=\"yoast-schema-graph\">{\"@context\":\"https:\/\/schema.org\",\"@graph\":[{\"@type\":\"WebPage\",\"@id\":\"https:\/\/www.bussymage.com\/index.php\/vos-plus-belles-bussymages\/\",\"url\":\"https:\/\/www.bussymage.com\/index.php\/vos-plus-belles-bussymages\/\",\"name\":\"Vos plus belles Bussymages - BUSSYMAGE\",\"isPartOf\":{\"@id\":\"https:\/\/www.bussymage.com\/#website\"},\"datePublished\":\"2022-03-10T10:21:29+00:00\",\"dateModified\":\"2026-01-06T14:03:07+00:00\",\"breadcrumb\":{\"@id\":\"https:\/\/www.bussymage.com\/index.php\/vos-plus-belles-bussymages\/#breadcrumb\"},\"inLanguage\":\"fr-FR\"},{\"@type\":\"WebSite\",\"@id\":\"https:\/\/www.bussymage.com\/#website\",\"url\":\"https:\/\/www.bussymage.com\/\",\"name\":\"BUSSYMAGE\",\"description\":\"Normandie Communication audiovisuelle AIR\/SOL\/EAU\",\"publisher\":{\"@id\":\"https:\/\/www.bussymage.com\/#organization\"},\"potentialAction\":[{\"@type\":\"SearchAction\",\"target\":{\"@type\":\"EntryPoint\",\"urlTemplate\":\"https:\/\/www.bussymage.com\/?s={search_term_string}\"},\"query-input\":{\"@type\":\"PropertyValueSpecification\",\"valueRequired\":true,\"valueName\":\"search_term_string\"}}],\"inLanguage\":\"fr-FR\"},{\"@type\":\"Organization\",\"@id\":\"https:\/\/www.bussymage.com\/#organization\",\"name\":\"BUSSYMAGE\",\"url\":\"https:\/\/www.bussymage.com\/\",\"logo\":{\"@type\":\"ImageObject\",\"inLanguage\":\"fr-FR\",\"@id\":\"https:\/\/www.bussymage.com\/#\/schema\/logo\/image\/\",\"url\":\"https:\/\/www.bussymage.com\/wp-content\/uploads\/2021\/12\/cropped-neumorphisme-logo-BUSSYMAGE-scaled-1.jpg\",\"contentUrl\":\"https:\/\/www.bussymage.com\/wp-content\/uploads\/2021\/12\/cropped-neumorphisme-logo-BUSSYMAGE-scaled-1.jpg\",\"width\":250,\"height\":250,\"caption\":\"BUSSYMAGE\"},\"image\":{\"@id\":\"https:\/\/www.bussymage.com\/#\/schema\/logo\/image\/\"}}]}<\/script>\n<!-- \/ Yoast SEO Premium plugin. -->","yoast_head_json":{"title":"Vos plus belles Bussymages - BUSSYMAGE","description":"La page \"Vos plus belles Bussymages\" de BUSSYMAGE est prot\u00e9g\u00e9e par mot de passe et d\u00e9di\u00e9e \u00e0 la pr\u00e9sentation des r\u00e9alisations exceptionnelles de nos clients. Situ\u00e9e \u00e0 Grandcamp-Maisy en Normandie, BUSSYMAGE est sp\u00e9cialis\u00e9e dans la communication audiovisuelle, offrant des services personnalis\u00e9s de vid\u00e9o, photographie, montage, ainsi que des prises de vue a\u00e9riennes, terrestres et aquatiques. Pour acc\u00e9der \u00e0 cette section exclusive ou pour en savoir plus sur nos services, veuillez nous contacter au 06 89 99 90 30 ou par email \u00e0 bussy_benjamin@hotmail.com","robots":{"index":"index","follow":"follow","max-snippet":"max-snippet:-1","max-image-preview":"max-image-preview:large","max-video-preview":"max-video-preview:-1"},"canonical":"https:\/\/www.bussymage.com\/index.php\/vos-plus-belles-bussymages\/","og_locale":"fr_FR","og_type":"article","og_title":"Vos plus belles Bussymages","og_description":"La page \"Vos plus belles Bussymages\" de BUSSYMAGE est prot\u00e9g\u00e9e par mot de passe et d\u00e9di\u00e9e \u00e0 la pr\u00e9sentation des r\u00e9alisations exceptionnelles de nos clients. Situ\u00e9e \u00e0 Grandcamp-Maisy en Normandie, BUSSYMAGE est sp\u00e9cialis\u00e9e dans la communication audiovisuelle, offrant des services personnalis\u00e9s de vid\u00e9o, photographie, montage, ainsi que des prises de vue a\u00e9riennes, terrestres et aquatiques. Pour acc\u00e9der \u00e0 cette section exclusive ou pour en savoir plus sur nos services, veuillez nous contacter au 06 89 99 90 30 ou par email \u00e0 bussy_benjamin@hotmail.com","og_url":"https:\/\/www.bussymage.com\/index.php\/vos-plus-belles-bussymages\/","og_site_name":"BUSSYMAGE","article_modified_time":"2026-01-06T14:03:07+00:00","twitter_card":"summary_large_image","twitter_misc":{"Dur\u00e9e de lecture estim\u00e9e":"7 minutes"},"schema":{"@context":"https:\/\/schema.org","@graph":[{"@type":"WebPage","@id":"https:\/\/www.bussymage.com\/index.php\/vos-plus-belles-bussymages\/","url":"https:\/\/www.bussymage.com\/index.php\/vos-plus-belles-bussymages\/","name":"Vos plus belles Bussymages - BUSSYMAGE","isPartOf":{"@id":"https:\/\/www.bussymage.com\/#website"},"datePublished":"2022-03-10T10:21:29+00:00","dateModified":"2026-01-06T14:03:07+00:00","breadcrumb":{"@id":"https:\/\/www.bussymage.com\/index.php\/vos-plus-belles-bussymages\/#breadcrumb"},"inLanguage":"fr-FR"},{"@type":"WebSite","@id":"https:\/\/www.bussymage.com\/#website","url":"https:\/\/www.bussymage.com\/","name":"BUSSYMAGE","description":"Normandie Communication audiovisuelle AIR\/SOL\/EAU","publisher":{"@id":"https:\/\/www.bussymage.com\/#organization"},"potentialAction":[{"@type":"SearchAction","target":{"@type":"EntryPoint","urlTemplate":"https:\/\/www.bussymage.com\/?s={search_term_string}"},"query-input":{"@type":"PropertyValueSpecification","valueRequired":true,"valueName":"search_term_string"}}],"inLanguage":"fr-FR"},{"@type":"Organization","@id":"https:\/\/www.bussymage.com\/#organization","name":"BUSSYMAGE","url":"https:\/\/www.bussymage.com\/","logo":{"@type":"ImageObject","inLanguage":"fr-FR","@id":"https:\/\/www.bussymage.com\/#\/schema\/logo\/image\/","url":"https:\/\/www.bussymage.com\/wp-content\/uploads\/2021\/12\/cropped-neumorphisme-logo-BUSSYMAGE-scaled-1.jpg","contentUrl":"https:\/\/www.bussymage.com\/wp-content\/uploads\/2021\/12\/cropped-neumorphisme-logo-BUSSYMAGE-scaled-1.jpg","width":250,"height":250,"caption":"BUSSYMAGE"},"image":{"@id":"https:\/\/www.bussymage.com\/#\/schema\/logo\/image\/"}}]}},"_links":{"self":[{"href":"https:\/\/www.bussymage.com\/index.php\/wp-json\/wp\/v2\/pages\/587","targetHints":{"allow":["GET"]}}],"collection":[{"href":"https:\/\/www.bussymage.com\/index.php\/wp-json\/wp\/v2\/pages"}],"about":[{"href":"https:\/\/www.bussymage.com\/index.php\/wp-json\/wp\/v2\/types\/page"}],"author":[{"embeddable":true,"href":"https:\/\/www.bussymage.com\/index.php\/wp-json\/wp\/v2\/users\/1"}],"replies":[{"embeddable":true,"href":"https:\/\/www.bussymage.com\/index.php\/wp-json\/wp\/v2\/comments?post=587"}],"version-history":[{"count":14,"href":"https:\/\/www.bussymage.com\/index.php\/wp-json\/wp\/v2\/pages\/587\/revisions"}],"predecessor-version":[{"id":838,"href":"https:\/\/www.bussymage.com\/index.php\/wp-json\/wp\/v2\/pages\/587\/revisions\/838"}],"wp:attachment":[{"href":"https:\/\/www.bussymage.com\/index.php\/wp-json\/wp\/v2\/media?parent=587"}],"curies":[{"name":"wp","href":"https:\/\/api.w.org\/{rel}","templated":true}]}}