{"id":8,"date":"2019-06-07T13:14:58","date_gmt":"2019-06-07T11:14:58","guid":{"rendered":"http:\/\/www.bussymage.com\/?page_id=8"},"modified":"2025-03-13T12:46:00","modified_gmt":"2025-03-13T11:46:00","slug":"videaste-photographe-droniste-graphiste","status":"publish","type":"page","link":"https:\/\/www.bussymage.com\/","title":{"rendered":"Accueil"},"content":{"rendered":"\n<figure class=\"wp-block-image size-large is-resized\"><img decoding=\"async\" src=\"https:\/\/www.bussymage.com\/wp-content\/uploads\/2020\/01\/Logo-NB-bussymage-02-1.png\" alt=\"\" class=\"wp-image-279\" width=\"208\" height=\"178\" srcset=\"https:\/\/www.bussymage.com\/wp-content\/uploads\/2020\/01\/Logo-NB-bussymage-02-1.png 787w, https:\/\/www.bussymage.com\/wp-content\/uploads\/2020\/01\/Logo-NB-bussymage-02-1-300x257.png 300w, https:\/\/www.bussymage.com\/wp-content\/uploads\/2020\/01\/Logo-NB-bussymage-02-1-768x659.png 768w\" sizes=\"(max-width: 208px) 100vw, 208px\" \/><\/figure>\n","protected":false},"excerpt":{"rendered":"","protected":false},"author":1,"featured_media":57,"parent":0,"menu_order":0,"comment_status":"closed","ping_status":"closed","template":"","meta":{"footnotes":""},"class_list":["post-8","page","type-page","status-publish","has-post-thumbnail","hentry"],"yoast_head":"<!-- This site is optimized with the Yoast SEO Premium plugin v22.3 (Yoast SEO v24.6) - https:\/\/yoast.com\/wordpress\/plugins\/seo\/ -->\n<title>Accueil - BUSSYMAGE<\/title>\n<meta name=\"description\" content=\"Bussymage est une entreprise sp\u00e9cialis\u00e9e dans la production de contenu audiovisuel sur mesure en Normandie. Gr\u00e2ce \u00e0 des prises de vue a\u00e9riennes, terrestres et aquatiques, elle offre des services professionnels de vid\u00e9o, photographie, et montage. Que ce soit pour des projets de communication visuelle, des \u00e9v\u00e9nements en livestream ou la cr\u00e9ation de graphismes uniques (logos, affiches, collages), Bussymage met son expertise au service de vos besoins. Avec une large gamme de prestations adapt\u00e9es \u00e0 tous types de supports et projets, Bussymage s\u2019engage \u00e0 capturer l\u2019essence de chaque moment avec cr\u00e9ativit\u00e9 et pr\u00e9cision. D\u00e9couvrez nos services \u00e0 la pointe de la technologie, dans les airs, sur terre et sur l&#039;eau.\" \/>\n<meta name=\"robots\" content=\"index, follow, max-snippet:-1, max-image-preview:large, max-video-preview:-1\" \/>\n<link rel=\"canonical\" href=\"https:\/\/www.bussymage.com\/\" \/>\n<meta property=\"og:locale\" content=\"fr_FR\" \/>\n<meta property=\"og:type\" content=\"article\" \/>\n<meta property=\"og:title\" content=\"Accueil\" \/>\n<meta property=\"og:description\" content=\"Bussymage est une entreprise sp\u00e9cialis\u00e9e dans la production de contenu audiovisuel sur mesure en Normandie. Gr\u00e2ce \u00e0 des prises de vue a\u00e9riennes, terrestres et aquatiques, elle offre des services professionnels de vid\u00e9o, photographie, et montage. Que ce soit pour des projets de communication visuelle, des \u00e9v\u00e9nements en livestream ou la cr\u00e9ation de graphismes uniques (logos, affiches, collages), Bussymage met son expertise au service de vos besoins. Avec une large gamme de prestations adapt\u00e9es \u00e0 tous types de supports et projets, Bussymage s\u2019engage \u00e0 capturer l\u2019essence de chaque moment avec cr\u00e9ativit\u00e9 et pr\u00e9cision. D\u00e9couvrez nos services \u00e0 la pointe de la technologie, dans les airs, sur terre et sur l&#039;eau.\" \/>\n<meta property=\"og:url\" content=\"https:\/\/www.bussymage.com\/\" \/>\n<meta property=\"og:site_name\" content=\"BUSSYMAGE\" \/>\n<meta property=\"article:modified_time\" content=\"2025-03-13T11:46:00+00:00\" \/>\n<meta property=\"og:image\" content=\"https:\/\/www.bussymage.com\/wp-content\/uploads\/2019\/06\/chili6-e1560101984103.jpg\" \/>\n\t<meta property=\"og:image:width\" content=\"3840\" \/>\n\t<meta property=\"og:image:height\" content=\"2160\" \/>\n\t<meta property=\"og:image:type\" content=\"image\/jpeg\" \/>\n<meta name=\"twitter:card\" content=\"summary_large_image\" \/>\n<meta name=\"twitter:label1\" content=\"Dur\u00e9e de lecture estim\u00e9e\" \/>\n\t<meta name=\"twitter:data1\" content=\"1 minute\" \/>\n<script type=\"application\/ld+json\" class=\"yoast-schema-graph\">{\"@context\":\"https:\/\/schema.org\",\"@graph\":[{\"@type\":\"WebPage\",\"@id\":\"https:\/\/www.bussymage.com\/\",\"url\":\"https:\/\/www.bussymage.com\/\",\"name\":\"Accueil - BUSSYMAGE\",\"isPartOf\":{\"@id\":\"https:\/\/www.bussymage.com\/#website\"},\"primaryImageOfPage\":{\"@id\":\"https:\/\/www.bussymage.com\/#primaryimage\"},\"image\":{\"@id\":\"https:\/\/www.bussymage.com\/#primaryimage\"},\"thumbnailUrl\":\"https:\/\/www.bussymage.com\/wp-content\/uploads\/2019\/06\/chili6-e1560101984103.jpg\",\"datePublished\":\"2019-06-07T11:14:58+00:00\",\"dateModified\":\"2025-03-13T11:46:00+00:00\",\"description\":\"Bussymage est une entreprise sp\u00e9cialis\u00e9e dans la production de contenu audiovisuel sur mesure en Normandie. Gr\u00e2ce \u00e0 des prises de vue a\u00e9riennes, terrestres et aquatiques, elle offre des services professionnels de vid\u00e9o, photographie, et montage. Que ce soit pour des projets de communication visuelle, des \u00e9v\u00e9nements en livestream ou la cr\u00e9ation de graphismes uniques (logos, affiches, collages), Bussymage met son expertise au service de vos besoins. Avec une large gamme de prestations adapt\u00e9es \u00e0 tous types de supports et projets, Bussymage s\u2019engage \u00e0 capturer l\u2019essence de chaque moment avec cr\u00e9ativit\u00e9 et pr\u00e9cision. D\u00e9couvrez nos services \u00e0 la pointe de la technologie, dans les airs, sur terre et sur l'eau.\",\"breadcrumb\":{\"@id\":\"https:\/\/www.bussymage.com\/#breadcrumb\"},\"inLanguage\":\"fr-FR\",\"potentialAction\":[{\"@type\":\"ReadAction\",\"target\":[\"https:\/\/www.bussymage.com\/\"]}]},{\"@type\":\"ImageObject\",\"inLanguage\":\"fr-FR\",\"@id\":\"https:\/\/www.bussymage.com\/#primaryimage\",\"url\":\"https:\/\/www.bussymage.com\/wp-content\/uploads\/2019\/06\/chili6-e1560101984103.jpg\",\"contentUrl\":\"https:\/\/www.bussymage.com\/wp-content\/uploads\/2019\/06\/chili6-e1560101984103.jpg\",\"width\":3840,\"height\":2160},{\"@type\":\"BreadcrumbList\",\"@id\":\"https:\/\/www.bussymage.com\/#breadcrumb\",\"itemListElement\":[{\"@type\":\"ListItem\",\"position\":1,\"name\":\"Accueil\",\"item\":\"https:\/\/www.bussymage.com\/\"},{\"@type\":\"ListItem\",\"position\":2,\"name\":\"Accueil\"}]},{\"@type\":\"WebSite\",\"@id\":\"https:\/\/www.bussymage.com\/#website\",\"url\":\"https:\/\/www.bussymage.com\/\",\"name\":\"BUSSYMAGE\",\"description\":\"Normandie Communication audiovisuelle AIR\/SOL\/EAU\",\"publisher\":{\"@id\":\"https:\/\/www.bussymage.com\/#organization\"},\"potentialAction\":[{\"@type\":\"SearchAction\",\"target\":{\"@type\":\"EntryPoint\",\"urlTemplate\":\"https:\/\/www.bussymage.com\/?s={search_term_string}\"},\"query-input\":{\"@type\":\"PropertyValueSpecification\",\"valueRequired\":true,\"valueName\":\"search_term_string\"}}],\"inLanguage\":\"fr-FR\"},{\"@type\":\"Organization\",\"@id\":\"https:\/\/www.bussymage.com\/#organization\",\"name\":\"BUSSYMAGE\",\"url\":\"https:\/\/www.bussymage.com\/\",\"logo\":{\"@type\":\"ImageObject\",\"inLanguage\":\"fr-FR\",\"@id\":\"https:\/\/www.bussymage.com\/#\/schema\/logo\/image\/\",\"url\":\"https:\/\/www.bussymage.com\/wp-content\/uploads\/2021\/12\/cropped-neumorphisme-logo-BUSSYMAGE-scaled-1.jpg\",\"contentUrl\":\"https:\/\/www.bussymage.com\/wp-content\/uploads\/2021\/12\/cropped-neumorphisme-logo-BUSSYMAGE-scaled-1.jpg\",\"width\":250,\"height\":250,\"caption\":\"BUSSYMAGE\"},\"image\":{\"@id\":\"https:\/\/www.bussymage.com\/#\/schema\/logo\/image\/\"}}]}<\/script>\n<!-- \/ Yoast SEO Premium plugin. -->","yoast_head_json":{"title":"Accueil - BUSSYMAGE","description":"Bussymage est une entreprise sp\u00e9cialis\u00e9e dans la production de contenu audiovisuel sur mesure en Normandie. Gr\u00e2ce \u00e0 des prises de vue a\u00e9riennes, terrestres et aquatiques, elle offre des services professionnels de vid\u00e9o, photographie, et montage. Que ce soit pour des projets de communication visuelle, des \u00e9v\u00e9nements en livestream ou la cr\u00e9ation de graphismes uniques (logos, affiches, collages), Bussymage met son expertise au service de vos besoins. Avec une large gamme de prestations adapt\u00e9es \u00e0 tous types de supports et projets, Bussymage s\u2019engage \u00e0 capturer l\u2019essence de chaque moment avec cr\u00e9ativit\u00e9 et pr\u00e9cision. D\u00e9couvrez nos services \u00e0 la pointe de la technologie, dans les airs, sur terre et sur l'eau.","robots":{"index":"index","follow":"follow","max-snippet":"max-snippet:-1","max-image-preview":"max-image-preview:large","max-video-preview":"max-video-preview:-1"},"canonical":"https:\/\/www.bussymage.com\/","og_locale":"fr_FR","og_type":"article","og_title":"Accueil","og_description":"Bussymage est une entreprise sp\u00e9cialis\u00e9e dans la production de contenu audiovisuel sur mesure en Normandie. Gr\u00e2ce \u00e0 des prises de vue a\u00e9riennes, terrestres et aquatiques, elle offre des services professionnels de vid\u00e9o, photographie, et montage. Que ce soit pour des projets de communication visuelle, des \u00e9v\u00e9nements en livestream ou la cr\u00e9ation de graphismes uniques (logos, affiches, collages), Bussymage met son expertise au service de vos besoins. Avec une large gamme de prestations adapt\u00e9es \u00e0 tous types de supports et projets, Bussymage s\u2019engage \u00e0 capturer l\u2019essence de chaque moment avec cr\u00e9ativit\u00e9 et pr\u00e9cision. D\u00e9couvrez nos services \u00e0 la pointe de la technologie, dans les airs, sur terre et sur l'eau.","og_url":"https:\/\/www.bussymage.com\/","og_site_name":"BUSSYMAGE","article_modified_time":"2025-03-13T11:46:00+00:00","og_image":[{"width":3840,"height":2160,"url":"https:\/\/www.bussymage.com\/wp-content\/uploads\/2019\/06\/chili6-e1560101984103.jpg","type":"image\/jpeg"}],"twitter_card":"summary_large_image","twitter_misc":{"Dur\u00e9e de lecture estim\u00e9e":"1 minute"},"schema":{"@context":"https:\/\/schema.org","@graph":[{"@type":"WebPage","@id":"https:\/\/www.bussymage.com\/","url":"https:\/\/www.bussymage.com\/","name":"Accueil - BUSSYMAGE","isPartOf":{"@id":"https:\/\/www.bussymage.com\/#website"},"primaryImageOfPage":{"@id":"https:\/\/www.bussymage.com\/#primaryimage"},"image":{"@id":"https:\/\/www.bussymage.com\/#primaryimage"},"thumbnailUrl":"https:\/\/www.bussymage.com\/wp-content\/uploads\/2019\/06\/chili6-e1560101984103.jpg","datePublished":"2019-06-07T11:14:58+00:00","dateModified":"2025-03-13T11:46:00+00:00","description":"Bussymage est une entreprise sp\u00e9cialis\u00e9e dans la production de contenu audiovisuel sur mesure en Normandie. Gr\u00e2ce \u00e0 des prises de vue a\u00e9riennes, terrestres et aquatiques, elle offre des services professionnels de vid\u00e9o, photographie, et montage. Que ce soit pour des projets de communication visuelle, des \u00e9v\u00e9nements en livestream ou la cr\u00e9ation de graphismes uniques (logos, affiches, collages), Bussymage met son expertise au service de vos besoins. Avec une large gamme de prestations adapt\u00e9es \u00e0 tous types de supports et projets, Bussymage s\u2019engage \u00e0 capturer l\u2019essence de chaque moment avec cr\u00e9ativit\u00e9 et pr\u00e9cision. D\u00e9couvrez nos services \u00e0 la pointe de la technologie, dans les airs, sur terre et sur l'eau.","breadcrumb":{"@id":"https:\/\/www.bussymage.com\/#breadcrumb"},"inLanguage":"fr-FR","potentialAction":[{"@type":"ReadAction","target":["https:\/\/www.bussymage.com\/"]}]},{"@type":"ImageObject","inLanguage":"fr-FR","@id":"https:\/\/www.bussymage.com\/#primaryimage","url":"https:\/\/www.bussymage.com\/wp-content\/uploads\/2019\/06\/chili6-e1560101984103.jpg","contentUrl":"https:\/\/www.bussymage.com\/wp-content\/uploads\/2019\/06\/chili6-e1560101984103.jpg","width":3840,"height":2160},{"@type":"BreadcrumbList","@id":"https:\/\/www.bussymage.com\/#breadcrumb","itemListElement":[{"@type":"ListItem","position":1,"name":"Accueil","item":"https:\/\/www.bussymage.com\/"},{"@type":"ListItem","position":2,"name":"Accueil"}]},{"@type":"WebSite","@id":"https:\/\/www.bussymage.com\/#website","url":"https:\/\/www.bussymage.com\/","name":"BUSSYMAGE","description":"Normandie Communication audiovisuelle AIR\/SOL\/EAU","publisher":{"@id":"https:\/\/www.bussymage.com\/#organization"},"potentialAction":[{"@type":"SearchAction","target":{"@type":"EntryPoint","urlTemplate":"https:\/\/www.bussymage.com\/?s={search_term_string}"},"query-input":{"@type":"PropertyValueSpecification","valueRequired":true,"valueName":"search_term_string"}}],"inLanguage":"fr-FR"},{"@type":"Organization","@id":"https:\/\/www.bussymage.com\/#organization","name":"BUSSYMAGE","url":"https:\/\/www.bussymage.com\/","logo":{"@type":"ImageObject","inLanguage":"fr-FR","@id":"https:\/\/www.bussymage.com\/#\/schema\/logo\/image\/","url":"https:\/\/www.bussymage.com\/wp-content\/uploads\/2021\/12\/cropped-neumorphisme-logo-BUSSYMAGE-scaled-1.jpg","contentUrl":"https:\/\/www.bussymage.com\/wp-content\/uploads\/2021\/12\/cropped-neumorphisme-logo-BUSSYMAGE-scaled-1.jpg","width":250,"height":250,"caption":"BUSSYMAGE"},"image":{"@id":"https:\/\/www.bussymage.com\/#\/schema\/logo\/image\/"}}]}},"_links":{"self":[{"href":"https:\/\/www.bussymage.com\/index.php\/wp-json\/wp\/v2\/pages\/8","targetHints":{"allow":["GET"]}}],"collection":[{"href":"https:\/\/www.bussymage.com\/index.php\/wp-json\/wp\/v2\/pages"}],"about":[{"href":"https:\/\/www.bussymage.com\/index.php\/wp-json\/wp\/v2\/types\/page"}],"author":[{"embeddable":true,"href":"https:\/\/www.bussymage.com\/index.php\/wp-json\/wp\/v2\/users\/1"}],"replies":[{"embeddable":true,"href":"https:\/\/www.bussymage.com\/index.php\/wp-json\/wp\/v2\/comments?post=8"}],"version-history":[{"count":11,"href":"https:\/\/www.bussymage.com\/index.php\/wp-json\/wp\/v2\/pages\/8\/revisions"}],"predecessor-version":[{"id":281,"href":"https:\/\/www.bussymage.com\/index.php\/wp-json\/wp\/v2\/pages\/8\/revisions\/281"}],"wp:featuredmedia":[{"embeddable":true,"href":"https:\/\/www.bussymage.com\/index.php\/wp-json\/wp\/v2\/media\/57"}],"wp:attachment":[{"href":"https:\/\/www.bussymage.com\/index.php\/wp-json\/wp\/v2\/media?parent=8"}],"curies":[{"name":"wp","href":"https:\/\/api.w.org\/{rel}","templated":true}]}}